{"id":1447,"date":"2020-11-12T15:06:39","date_gmt":"2020-11-12T15:06:39","guid":{"rendered":"https:\/\/pmsexport.hu\/?page_id=1447"},"modified":"2023-08-29T10:43:18","modified_gmt":"2023-08-29T10:43:18","slug":"palyazatok","status":"publish","type":"page","link":"https:\/\/pmsexport.hu\/en\/palyazatok\/","title":{"rendered":"P\u00e1ly\u00e1zatok"},"content":{"rendered":"<div class=\"wp-block-image\">\n<figure class=\"alignright size-large is-resized\"><img loading=\"lazy\" src=\"https:\/\/pmsexport.hu\/wp-content\/uploads\/2022\/02\/infoblokk_felso-1024x708.jpg\" alt=\"\" class=\"wp-image-1533\" width=\"256\" height=\"177\" srcset=\"https:\/\/pmsexport.hu\/wp-content\/uploads\/2022\/02\/infoblokk_felso-1024x708.jpg 1024w, https:\/\/pmsexport.hu\/wp-content\/uploads\/2022\/02\/infoblokk_felso-300x207.jpg 300w, https:\/\/pmsexport.hu\/wp-content\/uploads\/2022\/02\/infoblokk_felso-768x531.jpg 768w, https:\/\/pmsexport.hu\/wp-content\/uploads\/2022\/02\/infoblokk_felso-18x12.jpg 18w, https:\/\/pmsexport.hu\/wp-content\/uploads\/2022\/02\/infoblokk_felso.jpg 1453w\" sizes=\"(max-width: 256px) 100vw, 256px\" \/><\/figure><\/div>\n\n\n<p><strong>Kedvezm\u00e9nyezett neve:<\/strong> PMS EXPORT Korl\u00e1tolt Felel\u0151ss\u00e9g\u0171 T\u00e1rsas\u00e1g<br><strong>Projekt c\u00edme:<\/strong> Foglalkoztat\u00e1sb\u0151v\u00edt\u00e9s a PMS EXPORT Korl\u00e1tolt Felel\u0151ss\u00e9g\u0171 T\u00e1rsas\u00e1gn\u00e1l<br><strong>Szerz\u0151d\u00f6tt t\u00e1mogat\u00e1s \u00f6sszege:<\/strong> 23.190.720 Ft<br><strong>T\u00e1mogat\u00e1s m\u00e9rt\u00e9ke:<\/strong> 70%<br><strong>Projekt befejez\u00e9si d\u00e1tuma:<\/strong> 2022.12.01.<br><strong>Projektazonos\u00edt\u00f3 sz\u00e1ma:<\/strong> GINOP-5.3.12-19-2020-00294<br><br><strong>Projekt le\u00edr\u00e1s:<\/strong><\/p>\n\n\n\n<p>A PMS EXPORT Kft-t 2013.01.07-\u00e9n alap\u00edtottuk, azzal a c\u00e9llal, hogy az Ausztr\u00e1l piacra fitnesz eszk\u00f6z\u00f6ket \u00e9rt\u00e9kes\u00edts\u00fcnk. 2015-ben egy tev\u00e9kenys\u00e9gv\u00e1ltoztat\u00e1s k\u00f6vetkezt\u00e9ben m\u0171szaki term\u00e9kek kereskedelm\u00e9vel \u00e9s m\u0171szaki tan\u00e1csad\u00e1ssal kezdt\u00fcnk el foglalkozni. 2017-t\u0151l pedig f\u00e9mlemez megmunk\u00e1l\u00e1sba, CNC gy\u00e1rt\u00e1sba kezdt\u00fcnk. Sz\u00e1m\u00edt\u00f3g\u00e9pes modelleket kezdt\u00fcnk el k\u00e9sz\u00edteni, ami nagyon sok gy\u00e1rt\u00e1si probl\u00e9m\u00e1t t\u00e1r fel m\u00e9g azel\u0151tt, miel\u0151tt a k\u00f6lts\u00e9ges pr\u00f3badarabok elk\u00e9sz\u00fcln\u00e9nek. K\u00fcl\u00f6n\u00f6sen nagy a jelent\u0151s\u00e9ge ennek a kis sz\u00e9ri\u00e1s, egyedi gy\u00e1rtm\u00e1nyokn\u00e1l, ahol 1-2 darab alkatr\u00e9sz k\u00e9sz\u00fcl&nbsp; csak.<\/p>\n\n\n\n<p>A lemezmegmunk\u00e1l\u00e1s gyors \u00e9s megfizethet\u0151 alkatr\u00e9sz gy\u00e1rt\u00e1st produk\u00e1l, mely megfelel a legszigor\u00fabb elv\u00e1r\u00e1soknak is. G\u00e9peink rendelkeznek a 3D v\u00e1g\u00e1st lehet\u0151v\u00e9 tev\u0151 tokm\u00e1nnyal, amellyel cs\u00f6veket \u00e9s z\u00e1rtszelv\u00e9nyeket tudunk l\u00e9zer v\u00e1gni.<\/p>\n\n\n\n<p>Jelenleg k\u00e9t f\u0151 fizikai \u00e1llom\u00e1nyban l\u00e9v\u0151 embert foglalkoztatunk, akik CNC g\u00e9pkezel\u00e9ssel foglalkoznak. \u0150k \u00e1ll\u00edtj\u00e1k be a CNC g\u00e9peket, folyamatosan ellen\u0151rzik \u00e9s karbantartj\u00e1k a g\u00e9peket.<\/p>\n\n\n\n<p>A projekt kert\u00e9n bel\u00fcl a 4 \u00faj f\u0151 ker\u00fclne felv\u00e9telre 3200 Gy\u00f6ngy\u00f6s, Vas\u00f6nt\u0151 \u00fat 2. sz\u00e1m alatt tal\u00e1lhat\u00f3 telephely\u00fcnkre. Itt ker\u00fclne elhelyez\u00e9sre a beszerzend\u0151 l\u00e9zeres fel\u00fclettiszt\u00edt\u00f3 is. A 4 f\u0151 k\u00f6z\u00fcl 1 f\u0151 marketing \u00fcgyvezet\u0151 poz\u00edci\u00f3ba ker\u00fclne felv\u00e9telre, aki c\u00e9g\u00fcnk marketing strat\u00e9gi\u00e1j\u00e1t dolgozn\u00e1 ki. Tov\u00e1bb\u00e1 \u00fcgyfeleinkkel tartan\u00e1 a kapcsolatot \u00e9s felm\u00e9rn\u00e9 a piaci felt\u00e9teleket. Fel\u00fcgyelete al\u00e1 tartozna a rekl\u00e1m, a marketing \u00e9s prom\u00f3ci\u00f3s tev\u00e9kenys\u00e9g. Elk\u00e9sz\u00edten\u00e9 a l\u00e9zeres fel\u00fclettiszt\u00edt\u00e1si tev\u00e9kenys\u00e9g grafikai \u00e9s marketing anyag\u00e1t, azokat felhaszn\u00e1lja majd a piacb\u0151v\u00edt\u00e9shez.<\/p>\n\n\n\n<p>C\u00e9g\u00fcnk 2 f\u0151 l\u00e9zeres fel\u00fclettiszt\u00edt\u00f3 munkat\u00e1rsat venne f\u00f6l, akik f\u00e9m fel\u00fcleteken keletkezett k\u00fcl\u00f6nb\u00f6z\u0151 szennyez\u0151d\u00e9seket (pl.: olaj, zs\u00edr, rozsda) l\u00e9zeres takar\u00edt\u00f3 eszk\u00f6zzel tiszt\u00edtan\u00e1. A feladat bet\u00f6lt\u00e9s\u00e9hez nem sz\u00fcks\u00e9ges v\u00e9gzetts\u00e9g, helyben t\u00f6rt\u00e9nne a betan\u00edt\u00e1suk. Mellett\u00fck m\u00e9g egy f\u0151 g\u00e9pszerel\u0151t szeretn\u00e9nk felvenni, aki a l\u00e9zeres tiszt\u00edt\u00e1s el\u0151tt \u00e9s ut\u00e1n az alkatr\u00e9szek szerel\u00e9s\u00e9t v\u00e9gzi.<\/p>\n\n\n\n<p>A projekt keret\u00e9n bel\u00fcl megval\u00f3sul eszk\u00f6z beszerz\u00e9s is, egy l\u00e9zeres fel\u00fclet tiszt\u00edt\u00f3 g\u00e9pet szerz\u00fcnk be a Green Laser System Kft-t\u0151l. Ez a l\u00e9zeres fel\u00fclet tiszt\u00edt\u00f3 rendk\u00edv\u00fcl hat\u00e9kony \u00e9s gazdas\u00e1gos, a tiszt\u00edt\u00e1st kiz\u00e1r\u00f3lag l\u00e9zersug\u00e1r v\u00e9gzi, ennek k\u00f6sz\u00f6nhet\u0151en nincs sz\u00fcks\u00e9g k\u00e9miai anyagokra. Ez a l\u00e9zersug\u00e1r csak a szennyez\u0151d\u00e9st t\u00e1vol\u00edtja el, \u00edgy az alapanyag m\u00e9rete nem v\u00e1ltozik.<\/p>\n\n\n\n<p>Ezen fel\u00fcl a marketinges kollega sz\u00e1m\u00e1ra egy laptop ker\u00fcl beszerz\u00e9sre.<\/p>\n\n\n\n<p>V\u00e1llalkoz\u00e1sunk most is rendelkezik nagy megrendel\u00e9sekkel, ami teljes\u00edt\u00e9s\u00e9hez a 2 f\u0151 alkalmazott m\u00e1r kev\u00e9s \u00e9s a bek\u00f6vetkezend\u0151 marketing tev\u00e9kenys\u00e9g miatt n\u0151ni fog a megrendel\u00e9seink sz\u00e1ma. A l\u00e9tsz\u00e1mn\u00f6vel\u00e9s c\u00e9lja, hogy az egyre n\u00f6vekv\u0151 megrendel\u00e9seinket tudjuk teljes\u00edteni, illetve a kor\u00e1bbi megrendel\u0151inket meg tudjuk tartani.<\/p>\n\n\n\n<hr class=\"wp-block-separator has-alpha-channel-opacity\"\/>\n\n\n\n<figure class=\"wp-block-image size-full\"><img loading=\"lazy\" width=\"750\" height=\"194\" src=\"https:\/\/pmsexport.hu\/wp-content\/uploads\/2023\/04\/kep.png\" alt=\"\" class=\"wp-image-1544\" srcset=\"https:\/\/pmsexport.hu\/wp-content\/uploads\/2023\/04\/kep.png 750w, https:\/\/pmsexport.hu\/wp-content\/uploads\/2023\/04\/kep-300x78.png 300w, https:\/\/pmsexport.hu\/wp-content\/uploads\/2023\/04\/kep-18x5.png 18w\" sizes=\"(max-width: 750px) 100vw, 750px\" \/><\/figure>\n\n\n\n<p><strong>Kedvezm\u00e9nyezett neve:<\/strong> PMS EXPORT Korl\u00e1tolt Felel\u0151ss\u00e9g\u0171 T\u00e1rsas\u00e1g<br><strong>Projekt c\u00edme:<\/strong> A PMS EXPORT Kft. n\u00f6veked\u00e9s\u00e9nek \u00e9s versenyk\u00e9pess\u00e9g\u00e9nek elind\u00edt\u00e1sa<br><strong>A szerz\u0151d\u00f6tt t\u00e1mogat\u00e1s \u00f6sszege:<\/strong> 9 534 461 Ft<br><strong>A t\u00e1mogat\u00e1s m\u00e9rt\u00e9ke (%-ban):<\/strong> 70%<br><strong>A projekt befejez\u00e9si d\u00e1tuma:<\/strong> 2023.03.20.<br><strong>Projekt azonos\u00edt\u00f3 sz\u00e1ma:<\/strong> GINOP_PLUSZ-1.2.2-22-2022-00840<\/p>\n\n\n\n<p><strong>A projekt keret\u00e9ben a k\u00f6vetkez\u0151 eszk\u00f6z\u00f6k ker\u00fcltek beszerz\u00e9sre:<\/strong><\/p>\n\n\n\n<ol><li>Magido X51 L122 forg\u00f3 kosaras alkatr\u00e9szmos\u00f3: Ez egy forg\u00f3kosaras alkatr\u00e9szmos\u00f3, amiben tal\u00e1lhat\u00f3 egy k\u00e9zi nagynyom\u00e1s\u00fa alkatr\u00e9szmos\u00f3 is. Az eszk\u00f6z maximum 60 bar nyom\u00e1s\u00fa rendszerrel m\u0171k\u00f6dik, ami alkalmas a legmakacsabb szennyez\u0151d\u00e9sek elt\u00e1vol\u00edt\u00e1s\u00e1ra is az alkatr\u00e9szekr\u0151l.<\/li><li>Magido HP 25 k\u00e9zi nagynyom\u00e1s\u00fa alkatr\u00e9szmos\u00f3: Ez az eszk\u00f6z egy k\u00e9zi nagynyom\u00e1s\u00fa alkatr\u00e9szmos\u00f3, ami alkalmas apr\u00f3 \u00e9s k\u00f6zepes m\u00e9ret\u0171 alkatr\u00e9szek tiszt\u00edt\u00e1s\u00e1ra. Legfeljebb 45 \u00b0C h\u0151m\u00e9rs\u00e9kleten a makacs szennyez\u0151d\u00e9sek elt\u00e1vol\u00edt\u00e1s\u00e1ra 60 bar nyom\u00e1s\u00fa rendszerrel. Z\u00e1rt mos\u00f3kabinban t\u00f6rt\u00e9nik a tiszt\u00edt\u00e1s. A tiszt\u00edt\u00e1s k\u00f6rnyezetbar\u00e1t, vizes \u00e9s nem habz\u00f3, biol\u00f3giailag leboml\u00f3 tiszt\u00edt\u00f3szerrel zajlik. A mos\u00f3folyad\u00e9kot ped\u00e1llal vez\u00e9relhet\u0151 szivatty\u00fas adagol\u00f3 juttatja el a mos\u00e1shoz.<\/li><li>Tierratech TT-300N ultrahangos mos\u00f3berendez\u00e9s: Ez a berendez\u00e9s fontos kieg\u00e9sz\u00edt\u0151 eleme lesz a gy\u00e1rt\u00e1si folyamatoknak, biztos\u00edtva a mos\u00e1si elv\u00e1r\u00e1soknak megfelel\u0151 min\u0151s\u00e9gi kivitelez\u00e9st k\u00f6lts\u00e9ghat\u00e9kony m\u00f3don. Ezzel a berendez\u00e9ssel teljesen vegyszermentesen tudjuk elv\u00e9gezni nagyobb alkatr\u00e9szek tiszt\u00edt\u00e1s\u00e1t is csup\u00e1n az ultrahang erej\u00e9vel.<\/li><\/ol>\n\n\n\n<hr class=\"wp-block-separator has-alpha-channel-opacity\"\/>\n\n\n\n<figure class=\"wp-block-image size-large\"><img loading=\"lazy\" width=\"1024\" height=\"727\" src=\"https:\/\/pmsexport.hu\/wp-content\/uploads\/2023\/04\/sze\u0301chenyi_terv_plusz-1024x727.png\" alt=\"\" class=\"wp-image-1550\" srcset=\"https:\/\/pmsexport.hu\/wp-content\/uploads\/2023\/04\/sze\u0301chenyi_terv_plusz-1024x727.png 1024w, https:\/\/pmsexport.hu\/wp-content\/uploads\/2023\/04\/sze\u0301chenyi_terv_plusz-300x213.png 300w, https:\/\/pmsexport.hu\/wp-content\/uploads\/2023\/04\/sze\u0301chenyi_terv_plusz-768x545.png 768w, https:\/\/pmsexport.hu\/wp-content\/uploads\/2023\/04\/sze\u0301chenyi_terv_plusz-18x12.png 18w, https:\/\/pmsexport.hu\/wp-content\/uploads\/2023\/04\/sze\u0301chenyi_terv_plusz.png 1167w\" sizes=\"(max-width: 1024px) 100vw, 1024px\" \/><\/figure>\n\n\n\n<hr class=\"wp-block-separator has-alpha-channel-opacity\"\/>\n\n\n\n<figure class=\"wp-block-image size-large\"><img loading=\"lazy\" width=\"724\" height=\"1024\" src=\"https:\/\/pmsexport.hu\/wp-content\/uploads\/2023\/08\/ginop_8_3_5_18_b_d_allo_vajojel_nelkuli-724x1024.png\" alt=\"\" class=\"wp-image-1557\" srcset=\"https:\/\/pmsexport.hu\/wp-content\/uploads\/2023\/08\/ginop_8_3_5_18_b_d_allo_vajojel_nelkuli-724x1024.png 724w, https:\/\/pmsexport.hu\/wp-content\/uploads\/2023\/08\/ginop_8_3_5_18_b_d_allo_vajojel_nelkuli-212x300.png 212w, https:\/\/pmsexport.hu\/wp-content\/uploads\/2023\/08\/ginop_8_3_5_18_b_d_allo_vajojel_nelkuli-768x1086.png 768w, https:\/\/pmsexport.hu\/wp-content\/uploads\/2023\/08\/ginop_8_3_5_18_b_d_allo_vajojel_nelkuli-8x12.png 8w, https:\/\/pmsexport.hu\/wp-content\/uploads\/2023\/08\/ginop_8_3_5_18_b_d_allo_vajojel_nelkuli.png 842w\" sizes=\"(max-width: 724px) 100vw, 724px\" \/><\/figure>","protected":false},"excerpt":{"rendered":"<p>Kedvezm\u00e9nyezett neve: PMS EXPORT Korl\u00e1tolt Felel\u0151ss\u00e9g\u0171 T\u00e1rsas\u00e1gProjekt c\u00edme: Foglalkoztat\u00e1sb\u0151v\u00edt\u00e9s a PMS EXPORT Korl\u00e1tolt Felel\u0151ss\u00e9g\u0171 T\u00e1rsas\u00e1gn\u00e1lSzerz\u0151d\u00f6tt t\u00e1mogat\u00e1s \u00f6sszege: 23.190.720 FtT\u00e1mogat\u00e1s m\u00e9rt\u00e9ke: 70%Projekt befejez\u00e9si d\u00e1tuma: 2022.12.01.Projektazonos\u00edt\u00f3 sz\u00e1ma: GINOP-5.3.12-19-2020-00294 Projekt le\u00edr\u00e1s: A PMS EXPORT Kft-t 2013.01.07-\u00e9n alap\u00edtottuk, azzal a c\u00e9llal, hogy az Ausztr\u00e1l piacra fitnesz eszk\u00f6z\u00f6ket \u00e9rt\u00e9kes\u00edts\u00fcnk. 2015-ben egy tev\u00e9kenys\u00e9gv\u00e1ltoztat\u00e1s k\u00f6vetkezt\u00e9ben m\u0171szaki term\u00e9kek kereskedelm\u00e9vel \u00e9s m\u0171szaki tan\u00e1csad\u00e1ssal kezdt\u00fcnk [&hellip;]<\/p>","protected":false},"author":1,"featured_media":0,"parent":0,"menu_order":0,"comment_status":"closed","ping_status":"closed","template":"","meta":[],"_links":{"self":[{"href":"https:\/\/pmsexport.hu\/en\/wp-json\/wp\/v2\/pages\/1447"}],"collection":[{"href":"https:\/\/pmsexport.hu\/en\/wp-json\/wp\/v2\/pages"}],"about":[{"href":"https:\/\/pmsexport.hu\/en\/wp-json\/wp\/v2\/types\/page"}],"author":[{"embeddable":true,"href":"https:\/\/pmsexport.hu\/en\/wp-json\/wp\/v2\/users\/1"}],"replies":[{"embeddable":true,"href":"https:\/\/pmsexport.hu\/en\/wp-json\/wp\/v2\/comments?post=1447"}],"version-history":[{"count":11,"href":"https:\/\/pmsexport.hu\/en\/wp-json\/wp\/v2\/pages\/1447\/revisions"}],"predecessor-version":[{"id":1558,"href":"https:\/\/pmsexport.hu\/en\/wp-json\/wp\/v2\/pages\/1447\/revisions\/1558"}],"wp:attachment":[{"href":"https:\/\/pmsexport.hu\/en\/wp-json\/wp\/v2\/media?parent=1447"}],"curies":[{"name":"wp","href":"https:\/\/api.w.org\/{rel}","templated":true}]}}