{"id":1568,"date":"2024-05-24T10:14:17","date_gmt":"2024-05-24T10:14:17","guid":{"rendered":"https:\/\/pmsexport.hu\/?p=1568"},"modified":"2024-05-24T10:59:49","modified_gmt":"2024-05-24T10:59:49","slug":"szolgaltatasok","status":"publish","type":"page","link":"https:\/\/pmsexport.hu\/en\/szolgaltatasok\/","title":{"rendered":"Szolg\u00e1ltat\u00e1sok"},"content":{"rendered":"<div data-elementor-type=\"wp-page\" data-elementor-id=\"1568\" class=\"elementor elementor-1568\">\n\t\t\t\t\t\t<div class=\"elementor-inner\">\n\t\t\t\t<div class=\"elementor-section-wrap\">\n\t\t\t\t\t\t\t\t\t<section class=\"elementor-section elementor-top-section elementor-element elementor-element-5167d90 elementor-section-boxed elementor-section-height-default elementor-section-height-default\" data-id=\"5167d90\" data-element_type=\"section\">\n\t\t\t\t\t\t<div class=\"elementor-container elementor-column-gap-default\">\n\t\t\t\t\t\t\t<div class=\"elementor-row\">\n\t\t\t\t\t<div class=\"elementor-column elementor-col-100 elementor-top-column elementor-element elementor-element-6c2a1347\" data-id=\"6c2a1347\" data-element_type=\"column\">\n\t\t\t<div class=\"elementor-column-wrap elementor-element-populated\">\n\t\t\t\t\t\t\t<div class=\"elementor-widget-wrap\">\n\t\t\t\t\t\t<div class=\"elementor-element elementor-element-377a2b43 elementor-widget elementor-widget-text-editor\" data-id=\"377a2b43\" data-element_type=\"widget\" data-widget_type=\"text-editor.default\">\n\t\t\t\t<div class=\"elementor-widget-container\">\n\t\t\t\t\t\t\t\t<div class=\"elementor-text-editor elementor-clearfix\">\n\t\t\t\t<h1>\u00a0<\/h1><h1><strong>Szolg\u00e1ltat\u00e1sok<\/strong><\/h1><ul><li>Piackutat\u00e1s, gy\u00e1rt\u00f3berendez\u00e9sek, alkatr\u00e9szek beszerz\u00e9se, legy\u00e1rt\u00e1sa<\/li><li>Egyedi \u00e9s speci\u00e1lis alapanyagok beszerz\u00e9se, pr\u00f3bagy\u00e1rt\u00e1sok leszervez\u00e9se<\/li><li>Tenderek leszervez\u00e9se, tervez\u00e9s lebonyol\u00edt\u00e1sa, jogi h\u00e1tt\u00e9r<\/li><li>Enged\u00e9lyeztet\u00e9s<\/li><li>Termel\u00e9s ir\u00e1ny\u00edt\u00e1si rendszerek ki\u00e9p\u00edt\u00e9se<\/li><\/ul><p>\u00a0<\/p>\t\t\t\t\t<\/div>\n\t\t\t\t\t\t<\/div>\n\t\t\t\t<\/div>\n\t\t\t\t\t\t<\/div>\n\t\t\t\t\t<\/div>\n\t\t<\/div>\n\t\t\t\t\t\t\t\t<\/div>\n\t\t\t\t\t<\/div>\n\t\t<\/section>\n\t\t\t\t\t\t\t\t\t<\/div>\n\t\t\t<\/div>\n\t\t\t\t\t<\/div>","protected":false},"excerpt":{"rendered":"<p>\u00a0 Szolg\u00e1ltat\u00e1sok Piackutat\u00e1s, gy\u00e1rt\u00f3berendez\u00e9sek, alkatr\u00e9szek beszerz\u00e9se, legy\u00e1rt\u00e1sa Egyedi \u00e9s speci\u00e1lis alapanyagok beszerz\u00e9se, pr\u00f3bagy\u00e1rt\u00e1sok leszervez\u00e9se Tenderek leszervez\u00e9se, tervez\u00e9s lebonyol\u00edt\u00e1sa, jogi h\u00e1tt\u00e9r Enged\u00e9lyeztet\u00e9s Termel\u00e9s ir\u00e1ny\u00edt\u00e1si rendszerek ki\u00e9p\u00edt\u00e9se \u00a0<\/p>","protected":false},"author":1,"featured_media":0,"parent":0,"menu_order":0,"comment_status":"closed","ping_status":"closed","template":"elementor_header_footer","meta":[],"_links":{"self":[{"href":"https:\/\/pmsexport.hu\/en\/wp-json\/wp\/v2\/pages\/1568"}],"collection":[{"href":"https:\/\/pmsexport.hu\/en\/wp-json\/wp\/v2\/pages"}],"about":[{"href":"https:\/\/pmsexport.hu\/en\/wp-json\/wp\/v2\/types\/page"}],"author":[{"embeddable":true,"href":"https:\/\/pmsexport.hu\/en\/wp-json\/wp\/v2\/users\/1"}],"replies":[{"embeddable":true,"href":"https:\/\/pmsexport.hu\/en\/wp-json\/wp\/v2\/comments?post=1568"}],"version-history":[{"count":17,"href":"https:\/\/pmsexport.hu\/en\/wp-json\/wp\/v2\/pages\/1568\/revisions"}],"predecessor-version":[{"id":1589,"href":"https:\/\/pmsexport.hu\/en\/wp-json\/wp\/v2\/pages\/1568\/revisions\/1589"}],"wp:attachment":[{"href":"https:\/\/pmsexport.hu\/en\/wp-json\/wp\/v2\/media?parent=1568"}],"curies":[{"name":"wp","href":"https:\/\/api.w.org\/{rel}","templated":true}]}}