{"id":208,"date":"2018-12-21T15:44:01","date_gmt":"2018-12-21T15:44:01","guid":{"rendered":"https:\/\/pmsexport.hu\/?page_id=208"},"modified":"2021-12-08T13:18:18","modified_gmt":"2021-12-08T13:18:18","slug":"rolunk","status":"publish","type":"page","link":"https:\/\/pmsexport.hu\/en\/rolunk\/","title":{"rendered":"About Us"},"content":{"rendered":"<div data-elementor-type=\"wp-post\" data-elementor-id=\"208\" class=\"elementor elementor-208\">\n\t\t\t\t\t\t<div class=\"elementor-inner\">\n\t\t\t\t<div class=\"elementor-section-wrap\">\n\t\t\t\t\t\t\t\t\t<section class=\"elementor-section elementor-top-section elementor-element elementor-element-041d52e elementor-section-content-middle elementor-section-stretched elementor-section-full_width elementor-section-height-default elementor-section-height-default\" data-id=\"041d52e\" data-element_type=\"section\" data-settings=\"{&quot;background_background&quot;:&quot;classic&quot;,&quot;stretch_section&quot;:&quot;section-stretched&quot;}\">\n\t\t\t\t\t\t<div class=\"elementor-container elementor-column-gap-no\">\n\t\t\t\t\t\t\t<div class=\"elementor-row\">\n\t\t\t\t\t<div class=\"elementor-column elementor-col-50 elementor-top-column elementor-element elementor-element-8f6ff11\" data-id=\"8f6ff11\" data-element_type=\"column\">\n\t\t\t<div class=\"elementor-column-wrap elementor-element-populated\">\n\t\t\t\t\t\t\t<div class=\"elementor-widget-wrap\">\n\t\t\t\t\t\t<div class=\"elementor-element elementor-element-f56211a elementor-widget elementor-widget-image\" data-id=\"f56211a\" data-element_type=\"widget\" data-widget_type=\"image.default\">\n\t\t\t\t<div class=\"elementor-widget-container\">\n\t\t\t\t\t\t\t\t<div class=\"elementor-image\">\n\t\t\t\t\t\t\t\t\t\t\t\t<img width=\"537\" height=\"645\" src=\"https:\/\/pmsexport.hu\/wp-content\/uploads\/2020\/03\/Safranka_Zsolt.jpg\" class=\"attachment-large size-large\" alt=\"\" loading=\"lazy\" srcset=\"https:\/\/pmsexport.hu\/wp-content\/uploads\/2020\/03\/Safranka_Zsolt.jpg 537w, https:\/\/pmsexport.hu\/wp-content\/uploads\/2020\/03\/Safranka_Zsolt-250x300.jpg 250w\" sizes=\"(max-width: 537px) 100vw, 537px\" \/>\t\t\t\t\t\t\t\t\t\t\t\t\t\t<\/div>\n\t\t\t\t\t\t<\/div>\n\t\t\t\t<\/div>\n\t\t\t\t\t\t<\/div>\n\t\t\t\t\t<\/div>\n\t\t<\/div>\n\t\t\t\t<div class=\"elementor-column elementor-col-50 elementor-top-column elementor-element elementor-element-db78b61\" data-id=\"db78b61\" data-element_type=\"column\">\n\t\t\t<div class=\"elementor-column-wrap elementor-element-populated\">\n\t\t\t\t\t\t\t<div class=\"elementor-widget-wrap\">\n\t\t\t\t\t\t<div class=\"elementor-element elementor-element-3b5a8a8 elementor-widget elementor-widget-heading\" data-id=\"3b5a8a8\" data-element_type=\"widget\" data-widget_type=\"heading.default\">\n\t\t\t\t<div class=\"elementor-widget-container\">\n\t\t\t<h4 class=\"elementor-heading-title elementor-size-default\">Introduction<\/h4>\t\t<\/div>\n\t\t\t\t<\/div>\n\t\t\t\t<div class=\"elementor-element elementor-element-60ac676 elementor-widget-divider--view-line elementor-widget elementor-widget-divider\" data-id=\"60ac676\" data-element_type=\"widget\" data-widget_type=\"divider.default\">\n\t\t\t\t<div class=\"elementor-widget-container\">\n\t\t\t\t\t<div class=\"elementor-divider\">\n\t\t\t<span class=\"elementor-divider-separator\">\n\t\t\t\t\t\t<\/span>\n\t\t<\/div>\n\t\t\t\t<\/div>\n\t\t\t\t<\/div>\n\t\t\t\t<div class=\"elementor-element elementor-element-4b96944 elementor-widget elementor-widget-text-editor\" data-id=\"4b96944\" data-element_type=\"widget\" data-widget_type=\"text-editor.default\">\n\t\t\t\t<div class=\"elementor-widget-container\">\n\t\t\t\t\t\t\t\t<div class=\"elementor-text-editor elementor-clearfix\">\n\t\t\t\t<p>Do you need production, design or industrial cleaning? You are in the right place with us.<\/p><p>From individual production to large series, from simple parts to complex machines we can help you.<\/p><p>Based on existing designs, or in their absence, we prepare the necessary technical documentation in 2D or 3D environments and production can begin.<\/p>\t\t\t\t\t<\/div>\n\t\t\t\t\t\t<\/div>\n\t\t\t\t<\/div>\n\t\t\t\t<div class=\"elementor-element elementor-element-81c9081 elementor-widget elementor-widget-heading\" data-id=\"81c9081\" data-element_type=\"widget\" data-widget_type=\"heading.default\">\n\t\t\t\t<div class=\"elementor-widget-container\">\n\t\t\t<h4 class=\"elementor-heading-title elementor-size-default\">Safranka Zsolt<\/h4>\t\t<\/div>\n\t\t\t\t<\/div>\n\t\t\t\t<div class=\"elementor-element elementor-element-38d2f40 elementor-widget elementor-widget-heading\" data-id=\"38d2f40\" data-element_type=\"widget\" data-widget_type=\"heading.default\">\n\t\t\t\t<div class=\"elementor-widget-container\">\n\t\t\t<h4 class=\"elementor-heading-title elementor-size-default\">Managing Director <\/h4>\t\t<\/div>\n\t\t\t\t<\/div>\n\t\t\t\t\t\t<\/div>\n\t\t\t\t\t<\/div>\n\t\t<\/div>\n\t\t\t\t\t\t\t\t<\/div>\n\t\t\t\t\t<\/div>\n\t\t<\/section>\n\t\t\t\t<section class=\"elementor-section elementor-top-section elementor-element elementor-element-1cb04f7 elementor-section-boxed elementor-section-height-default elementor-section-height-default\" data-id=\"1cb04f7\" data-element_type=\"section\">\n\t\t\t\t\t\t<div class=\"elementor-container elementor-column-gap-default\">\n\t\t\t\t\t\t\t<div class=\"elementor-row\">\n\t\t\t\t\t<div class=\"elementor-column elementor-col-100 elementor-top-column elementor-element elementor-element-943f527\" data-id=\"943f527\" data-element_type=\"column\">\n\t\t\t<div class=\"elementor-column-wrap elementor-element-populated\">\n\t\t\t\t\t\t\t<div class=\"elementor-widget-wrap\">\n\t\t\t\t\t\t<div class=\"elementor-element elementor-element-1e6ab19 elementor-hidden-phone elementor-widget elementor-widget-oew-timeline\" data-id=\"1e6ab19\" data-element_type=\"widget\" data-widget_type=\"oew-timeline.default\">\n\t\t\t\t<div class=\"elementor-widget-container\">\n\t\t\t\r\n\t\t\t<div class=\"oew-timeline oew-timeline-center\">\r\n\t\t\t\t<div class=\"oew-timeline-inner\">\r\n\r\n\t\t\t\t\t\r\n\t\t\t\t  \t\t<div class=\"oew-timeline-item oew-timeline-item-left\">\r\n\t\t\t\t  \t\t\t<div class=\"oew-timeline-item-wrap\">\r\n\r\n\t\t\t\t  \t\t\t\t<div class=\"oew-timeline-line\"><span><\/span><\/div>\r\n\r\n\t\t\t\t\t  \t\t\t<div class=\"oew-timeline-item-container\">\r\n\t\t\t\t\t  \t\t\t\t<div class=\"oew-timeline-icon oew-timeline-custom-icon\"><span><i aria-hidden=\"true\" class=\"fas fa-file-alt\"><\/i><\/span><\/div>\r\n\r\n\t\t\t\t\t\t  \t\t\t<div class=\"oew-timeline-item-main\">\r\n\t\t\t\t\t\t  \t\t\t\t<span class=\"oew-timeline-arrow\"><\/span>\r\n\r\n\t\t\t\t\t\t  \t\t\t\t\t\t\t\t\t\t\t\t\t  \t\t<div class=\"oew-timeline-thumbnail\">\r\n\t\t\t\t\t\t\t\t\t\t\t\t<a href=\"\" title=\"2019\">\r\n\t\t\t\t\t\t\t\t\t  \t\t\t\t<img src=\"https:\/\/pmsexport.hu\/wp-content\/uploads\/2020\/02\/Porfest\u00e9s-PMS-EXPORT-KFT..jpg\" alt=\"2019\">\r\n\t\t\t\t\t\t\t\t\t  \t\t\t<\/a>\r\n\t\t\t\t\t\t\t\t\t  \t\t<\/div>\r\n\t\t\t\t\t\t\t\t  \t\t\r\n\t\t\t\t\t\t\t\t  \t\t<div class=\"oew-timeline-desc\">\r\n\t\t\t\t\t\t\t\t\t\t\t\t\t\t\t\t\t\t\t\t\t\t\t<div class=\"oew-timeline-excerpt\"><ul><li><h2>Commerce<\/h2><\/li><li><h2>Technical design<\/h2><\/li><li><h2>Production<\/h2><ul><li><h2>Laser cutting<\/h2><\/li><li><h2>Manufacture of metal structures<\/h2><\/li><li><h2>CNC edge bending<\/h2><\/li><li><h2>Conventional machining<\/h2><\/li><li><h2>Powder coating<\/h2><\/li><li><h2>Machine manufacturing<\/h2><\/li><li><h2>Fest\u0151 sablonok gy\u00e1rt\u00e1sa<\/h2><\/li><\/ul><\/li><li><h2>Cleaning<\/h2><ul><li><h2>Industrial cleaning<\/h2><\/li><li><h2>Blasting<\/h2><\/li><\/ul><\/li><li><h2>Creating production management software<\/h2><\/li><\/ul><\/div>\r\n\t\t\t\t\t\t\t\t\t\t\t\t\t\t\t\t\t\t\t  \t\t<\/div>\r\n\t\t\t\t\t\t\t\t\t<\/div>\r\n\t\t\t\t\t\t\t\t<\/div>\r\n\r\n\t\t\t\t\t\t\t<\/div>\r\n\t\t\t\t\t\t<\/div>\r\n\r\n\t\t\t\t\t  \t\t\t\t\t\t  \t\t\t\t\t\t  \t\t\t<div class=\"oew-timeline-item\">\r\n\t\t\t\t\t\t  \t\t<div class=\"oew-timeline-date\"><span>2019<\/span><\/div>\r\n\t\t\t\t\t\t\t<\/div>\r\n\t\t\t\t\t\t\t\t\t\t\t\t\t<div class=\"oew-timeline-item\">\r\n\t\t\t\t\t\t  \t\t<div class=\"oew-timeline-date oew-timeline-date-right\"><span>2018<\/span><\/div>\r\n\t\t\t\t\t\t\t<\/div>\r\n\t\t\t\t\t\t\r\n\t\t\t\t  \t\t<div class=\"oew-timeline-item oew-timeline-item-right\">\r\n\t\t\t\t  \t\t\t<div class=\"oew-timeline-item-wrap\">\r\n\r\n\t\t\t\t  \t\t\t\t<div class=\"oew-timeline-line\"><span><\/span><\/div>\r\n\r\n\t\t\t\t\t  \t\t\t<div class=\"oew-timeline-item-container\">\r\n\t\t\t\t\t  \t\t\t\t<div class=\"oew-timeline-icon oew-timeline-custom-icon\"><span><i aria-hidden=\"true\" class=\"fas fa-file-alt\"><\/i><\/span><\/div>\r\n\r\n\t\t\t\t\t\t  \t\t\t<div class=\"oew-timeline-item-main\">\r\n\t\t\t\t\t\t  \t\t\t\t<span class=\"oew-timeline-arrow\"><\/span>\r\n\r\n\t\t\t\t\t\t  \t\t\t\t\t\t\t\t\t\t\t\t\t  \t\t<div class=\"oew-timeline-thumbnail\">\r\n\t\t\t\t\t\t\t\t\t\t\t\t<a href=\"\" title=\"2018\">\r\n\t\t\t\t\t\t\t\t\t  \t\t\t\t<img src=\"https:\/\/pmsexport.hu\/wp-content\/uploads\/2020\/02\/Lemezmegmunk\u00e1l\u00e1s-PMS-EXPORT-KFT..jpg\" alt=\"2018\">\r\n\t\t\t\t\t\t\t\t\t  \t\t\t<\/a>\r\n\t\t\t\t\t\t\t\t\t  \t\t<\/div>\r\n\t\t\t\t\t\t\t\t  \t\t\r\n\t\t\t\t\t\t\t\t  \t\t<div class=\"oew-timeline-desc\">\r\n\t\t\t\t\t\t\t\t\t\t\t\t\t\t\t\t\t\t\t\t\t\t\t<div class=\"oew-timeline-excerpt\"><ul><li><h2>Commerce<\/h2><\/li><li><h2>Technical design<\/h2><\/li><li><h2>Production<\/h2><ul><li><h2>Laser cutting<\/h2><\/li><li><h2>Manufacture of metal structures<\/h2><\/li><li><h2>CNC edge bending<\/h2><\/li><li><h2>Conventional machining<\/h2><\/li><\/ul><\/li><li><h2>Cleaning<\/h2><ul><li><h2>Industrial cleaning<\/h2><\/li><\/ul><\/li><li><h2>ISO 9001 introduction of a quality management system<\/h2><\/li><\/ul><\/div>\r\n\t\t\t\t\t\t\t\t\t\t\t\t\t\t\t\t\t\t\t  \t\t<\/div>\r\n\t\t\t\t\t\t\t\t\t<\/div>\r\n\t\t\t\t\t\t\t\t<\/div>\r\n\r\n\t\t\t\t\t\t\t<\/div>\r\n\t\t\t\t\t\t<\/div>\r\n\r\n\t\t\t\t\t  \t\r\n\t\t\t\t  \t\t<div class=\"oew-timeline-item oew-timeline-item-left\">\r\n\t\t\t\t  \t\t\t<div class=\"oew-timeline-item-wrap\">\r\n\r\n\t\t\t\t  \t\t\t\t<div class=\"oew-timeline-line\"><span><\/span><\/div>\r\n\r\n\t\t\t\t\t  \t\t\t<div class=\"oew-timeline-item-container\">\r\n\t\t\t\t\t  \t\t\t\t<div class=\"oew-timeline-icon oew-timeline-custom-icon\"><span><i aria-hidden=\"true\" class=\"fas fa-file-alt\"><\/i><\/span><\/div>\r\n\r\n\t\t\t\t\t\t  \t\t\t<div class=\"oew-timeline-item-main\">\r\n\t\t\t\t\t\t  \t\t\t\t<span class=\"oew-timeline-arrow\"><\/span>\r\n\r\n\t\t\t\t\t\t  \t\t\t\t\t\t\t\t\t\t\t\t\t  \t\t<div class=\"oew-timeline-thumbnail\">\r\n\t\t\t\t\t\t\t\t\t\t\t\t<a href=\"\" title=\"2017\">\r\n\t\t\t\t\t\t\t\t\t  \t\t\t\t<img src=\"https:\/\/pmsexport.hu\/wp-content\/uploads\/2020\/02\/Szemcsesz\u00f3r\u00e1s-PMS-EXPORT-KFT..jpg\" alt=\"2017\">\r\n\t\t\t\t\t\t\t\t\t  \t\t\t<\/a>\r\n\t\t\t\t\t\t\t\t\t  \t\t<\/div>\r\n\t\t\t\t\t\t\t\t  \t\t\r\n\t\t\t\t\t\t\t\t  \t\t<div class=\"oew-timeline-desc\">\r\n\t\t\t\t\t\t\t\t\t\t\t\t\t\t\t\t\t\t\t\t\t\t\t<div class=\"oew-timeline-excerpt\"><ul><li><h2>Commerce<\/h2><\/li><li><h2>Technical design<\/h2><\/li><li><h2>Production<\/h2><ul><li><h2>Laser cutting<\/h2><\/li><li><h2>Manufacture of metal structures<\/h2><\/li><\/ul><\/li><li><h2>Cleaning<\/h2><ul><li><h2>Industrial cleaning<\/h2><\/li><\/ul><\/li><\/ul><\/div>\r\n\t\t\t\t\t\t\t\t\t\t\t\t\t\t\t\t\t\t\t  \t\t<\/div>\r\n\t\t\t\t\t\t\t\t\t<\/div>\r\n\t\t\t\t\t\t\t\t<\/div>\r\n\r\n\t\t\t\t\t\t\t<\/div>\r\n\t\t\t\t\t\t<\/div>\r\n\r\n\t\t\t\t\t  \t\t\t\t\t\t  \t\t\t\t\t\t  \t\t\t<div class=\"oew-timeline-item\">\r\n\t\t\t\t\t\t  \t\t<div class=\"oew-timeline-date\"><span>2017<\/span><\/div>\r\n\t\t\t\t\t\t\t<\/div>\r\n\t\t\t\t\t\t\t\t\t\t\t\t\t<div class=\"oew-timeline-item\">\r\n\t\t\t\t\t\t  \t\t<div class=\"oew-timeline-date oew-timeline-date-right\"><span> 2016<\/span><\/div>\r\n\t\t\t\t\t\t\t<\/div>\r\n\t\t\t\t\t\t\r\n\t\t\t\t  \t\t<div class=\"oew-timeline-item oew-timeline-item-right\">\r\n\t\t\t\t  \t\t\t<div class=\"oew-timeline-item-wrap\">\r\n\r\n\t\t\t\t  \t\t\t\t<div class=\"oew-timeline-line\"><span><\/span><\/div>\r\n\r\n\t\t\t\t\t  \t\t\t<div class=\"oew-timeline-item-container\">\r\n\t\t\t\t\t  \t\t\t\t<div class=\"oew-timeline-icon oew-timeline-custom-icon\"><span><i aria-hidden=\"true\" class=\"fas fa-file-alt\"><\/i><\/span><\/div>\r\n\r\n\t\t\t\t\t\t  \t\t\t<div class=\"oew-timeline-item-main\">\r\n\t\t\t\t\t\t  \t\t\t\t<span class=\"oew-timeline-arrow\"><\/span>\r\n\r\n\t\t\t\t\t\t  \t\t\t\t\t\t\t\t\t\t\t\t\t  \t\t<div class=\"oew-timeline-thumbnail\">\r\n\t\t\t\t\t\t\t\t\t\t\t\t<a href=\"\" title=\"2016\">\r\n\t\t\t\t\t\t\t\t\t  \t\t\t\t<img src=\"https:\/\/pmsexport.hu\/wp-content\/uploads\/2020\/02\/youtube-PMS-EXPORT-KFT.jpg\" alt=\"2016\">\r\n\t\t\t\t\t\t\t\t\t  \t\t\t<\/a>\r\n\t\t\t\t\t\t\t\t\t  \t\t<\/div>\r\n\t\t\t\t\t\t\t\t  \t\t\r\n\t\t\t\t\t\t\t\t  \t\t<div class=\"oew-timeline-desc\">\r\n\t\t\t\t\t\t\t\t\t\t\t\t\t\t\t\t\t\t\t\t\t\t\t<div class=\"oew-timeline-excerpt\"><ul><li><h2>Commerce<\/h2><\/li><li><h2>Technical design<\/h2><\/li><li><h2>Production<\/h2><ul><li><h2>Laser cutting<\/h2><\/li><\/ul><\/li><li><h2>Cleaning<\/h2><ul><li><h2>Industrial cleaning<\/h2><\/li><\/ul><\/li><\/ul><\/div>\r\n\t\t\t\t\t\t\t\t\t\t\t\t\t\t\t\t\t\t\t  \t\t<\/div>\r\n\t\t\t\t\t\t\t\t\t<\/div>\r\n\t\t\t\t\t\t\t\t<\/div>\r\n\r\n\t\t\t\t\t\t\t<\/div>\r\n\t\t\t\t\t\t<\/div>\r\n\r\n\t\t\t\t\t  \t\r\n\t\t\t\t  \t\t<div class=\"oew-timeline-item oew-timeline-item-left\">\r\n\t\t\t\t  \t\t\t<div class=\"oew-timeline-item-wrap\">\r\n\r\n\t\t\t\t  \t\t\t\t<div class=\"oew-timeline-line\"><span><\/span><\/div>\r\n\r\n\t\t\t\t\t  \t\t\t<div class=\"oew-timeline-item-container\">\r\n\t\t\t\t\t  \t\t\t\t<div class=\"oew-timeline-icon oew-timeline-custom-icon\"><span><i aria-hidden=\"true\" class=\"fas fa-file-alt\"><\/i><\/span><\/div>\r\n\r\n\t\t\t\t\t\t  \t\t\t<div class=\"oew-timeline-item-main\">\r\n\t\t\t\t\t\t  \t\t\t\t<span class=\"oew-timeline-arrow\"><\/span>\r\n\r\n\t\t\t\t\t\t  \t\t\t\t\t\t\t\t\t\t\t\t\t  \t\t<div class=\"oew-timeline-thumbnail\">\r\n\t\t\t\t\t\t\t\t\t\t\t\t<a href=\"\" title=\"2015\">\r\n\t\t\t\t\t\t\t\t\t  \t\t\t\t<img src=\"https:\/\/pmsexport.hu\/wp-content\/uploads\/2020\/02\/CAD-CAM-rendszer-PMS-EXPORT-KFT..jpg\" alt=\"2015\">\r\n\t\t\t\t\t\t\t\t\t  \t\t\t<\/a>\r\n\t\t\t\t\t\t\t\t\t  \t\t<\/div>\r\n\t\t\t\t\t\t\t\t  \t\t\r\n\t\t\t\t\t\t\t\t  \t\t<div class=\"oew-timeline-desc\">\r\n\t\t\t\t\t\t\t\t\t\t\t\t\t\t\t\t\t\t\t\t\t\t\t<div class=\"oew-timeline-excerpt\"><ul><li><h2>Commerce<\/h2><\/li><li><h2>Technical design<\/h2><\/li><li><h2>Production - Laser cutting<\/h2><\/li><\/ul><\/div>\r\n\t\t\t\t\t\t\t\t\t\t\t\t\t\t\t\t\t\t\t  \t\t<\/div>\r\n\t\t\t\t\t\t\t\t\t<\/div>\r\n\t\t\t\t\t\t\t\t<\/div>\r\n\r\n\t\t\t\t\t\t\t<\/div>\r\n\t\t\t\t\t\t<\/div>\r\n\r\n\t\t\t\t\t  \t\t\t\t\t\t  \t\t\t\t\t\t  \t\t\t<div class=\"oew-timeline-item\">\r\n\t\t\t\t\t\t  \t\t<div class=\"oew-timeline-date\"><span>2015<\/span><\/div>\r\n\t\t\t\t\t\t\t<\/div>\r\n\t\t\t\t\t\t\t\t\t\t\t\t\t<div class=\"oew-timeline-item\">\r\n\t\t\t\t\t\t  \t\t<div class=\"oew-timeline-date oew-timeline-date-right\"><span>2013-2014<\/span><\/div>\r\n\t\t\t\t\t\t\t<\/div>\r\n\t\t\t\t\t\t\r\n\t\t\t\t  \t\t<div class=\"oew-timeline-item oew-timeline-item-right\">\r\n\t\t\t\t  \t\t\t<div class=\"oew-timeline-item-wrap\">\r\n\r\n\t\t\t\t  \t\t\t\t<div class=\"oew-timeline-line\"><span><\/span><\/div>\r\n\r\n\t\t\t\t\t  \t\t\t<div class=\"oew-timeline-item-container\">\r\n\t\t\t\t\t  \t\t\t\t<div class=\"oew-timeline-icon oew-timeline-custom-icon\"><span><i aria-hidden=\"true\" class=\"fas fa-file-alt\"><\/i><\/span><\/div>\r\n\r\n\t\t\t\t\t\t  \t\t\t<div class=\"oew-timeline-item-main\">\r\n\t\t\t\t\t\t  \t\t\t\t<span class=\"oew-timeline-arrow\"><\/span>\r\n\r\n\t\t\t\t\t\t  \t\t\t\t\t\t\t\t\t\t\t\t\t  \t\t<div class=\"oew-timeline-thumbnail\">\r\n\t\t\t\t\t\t\t\t\t\t\t\t<a href=\"\" title=\"2013-2014\">\r\n\t\t\t\t\t\t\t\t\t  \t\t\t\t<img src=\"https:\/\/pmsexport.hu\/wp-content\/uploads\/2020\/02\/M\u0171szaki-tervez\u00e9s-PMS-EXPORT-KFT..jpg\" alt=\"2013-2014\">\r\n\t\t\t\t\t\t\t\t\t  \t\t\t<\/a>\r\n\t\t\t\t\t\t\t\t\t  \t\t<\/div>\r\n\t\t\t\t\t\t\t\t  \t\t\r\n\t\t\t\t\t\t\t\t  \t\t<div class=\"oew-timeline-desc\">\r\n\t\t\t\t\t\t\t\t\t\t\t\t\t\t\t\t\t\t\t\t\t\t\t<div class=\"oew-timeline-excerpt\"><ul><li><h2>Commerce<\/h2><\/li><\/ul><\/div>\r\n\t\t\t\t\t\t\t\t\t\t\t\t\t\t\t\t\t\t\t  \t\t<\/div>\r\n\t\t\t\t\t\t\t\t\t<\/div>\r\n\t\t\t\t\t\t\t\t<\/div>\r\n\r\n\t\t\t\t\t\t\t<\/div>\r\n\t\t\t\t\t\t<\/div>\r\n\r\n\t\t\t\t\t  \t\r\n\t\t\t\t<\/div>\r\n\t\t\t<\/div>\r\n\r\n\t\t\t\t<\/div>\n\t\t\t\t<\/div>\n\t\t\t\t\t\t<\/div>\n\t\t\t\t\t<\/div>\n\t\t<\/div>\n\t\t\t\t\t\t\t\t<\/div>\n\t\t\t\t\t<\/div>\n\t\t<\/section>\n\t\t\t\t<section class=\"elementor-section elementor-top-section elementor-element elementor-element-e770128 elementor-section-boxed elementor-section-height-default elementor-section-height-default\" data-id=\"e770128\" data-element_type=\"section\">\n\t\t\t\t\t\t<div class=\"elementor-container elementor-column-gap-default\">\n\t\t\t\t\t\t\t<div class=\"elementor-row\">\n\t\t\t\t\t<div class=\"elementor-column elementor-col-100 elementor-top-column elementor-element elementor-element-1012b10\" data-id=\"1012b10\" data-element_type=\"column\">\n\t\t\t<div class=\"elementor-column-wrap elementor-element-populated\">\n\t\t\t\t\t\t\t<div class=\"elementor-widget-wrap\">\n\t\t\t\t\t\t<div class=\"elementor-element elementor-element-7dc46d7 elementor-widget elementor-widget-heading\" data-id=\"7dc46d7\" data-element_type=\"widget\" data-widget_type=\"heading.default\">\n\t\t\t\t<div class=\"elementor-widget-container\">\n\t\t\t<h2 class=\"elementor-heading-title elementor-size-default\">Own brands and products<\/h2>\t\t<\/div>\n\t\t\t\t<\/div>\n\t\t\t\t<div class=\"elementor-element elementor-element-eaf9236 elementor-widget-divider--view-line elementor-widget elementor-widget-divider\" data-id=\"eaf9236\" data-element_type=\"widget\" data-widget_type=\"divider.default\">\n\t\t\t\t<div class=\"elementor-widget-container\">\n\t\t\t\t\t<div class=\"elementor-divider\">\n\t\t\t<span class=\"elementor-divider-separator\">\n\t\t\t\t\t\t<\/span>\n\t\t<\/div>\n\t\t\t\t<\/div>\n\t\t\t\t<\/div>\n\t\t\t\t\t\t<\/div>\n\t\t\t\t\t<\/div>\n\t\t<\/div>\n\t\t\t\t\t\t\t\t<\/div>\n\t\t\t\t\t<\/div>\n\t\t<\/section>\n\t\t\t\t<section class=\"elementor-section elementor-top-section elementor-element elementor-element-aaa2a9a elementor-section-boxed elementor-section-height-default elementor-section-height-default\" data-id=\"aaa2a9a\" data-element_type=\"section\">\n\t\t\t\t\t\t<div class=\"elementor-container elementor-column-gap-default\">\n\t\t\t\t\t\t\t<div class=\"elementor-row\">\n\t\t\t\t\t<div class=\"elementor-column elementor-col-100 elementor-top-column elementor-element elementor-element-bf0b0ff\" data-id=\"bf0b0ff\" data-element_type=\"column\">\n\t\t\t<div class=\"elementor-column-wrap elementor-element-populated\">\n\t\t\t\t\t\t\t<div class=\"elementor-widget-wrap\">\n\t\t\t\t\t\t<div class=\"elementor-element elementor-element-c0d409f elementor-widget elementor-widget-oew-timeline\" data-id=\"c0d409f\" data-element_type=\"widget\" data-widget_type=\"oew-timeline.default\">\n\t\t\t\t<div class=\"elementor-widget-container\">\n\t\t\t\r\n\t\t\t<div class=\"oew-timeline oew-timeline-center\">\r\n\t\t\t\t<div class=\"oew-timeline-inner\">\r\n\r\n\t\t\t\t\t\r\n\t\t\t\t  \t\t<div class=\"oew-timeline-item oew-timeline-item-left\">\r\n\t\t\t\t  \t\t\t<div class=\"oew-timeline-item-wrap\">\r\n\r\n\t\t\t\t  \t\t\t\t<div class=\"oew-timeline-line\"><span><\/span><\/div>\r\n\r\n\t\t\t\t\t  \t\t\t<div class=\"oew-timeline-item-container\">\r\n\t\t\t\t\t  \t\t\t\t<div class=\"oew-timeline-icon oew-timeline-custom-icon\"><span><i aria-hidden=\"true\" class=\"fas fa-file-alt\"><\/i><\/span><\/div>\r\n\r\n\t\t\t\t\t\t  \t\t\t<div class=\"oew-timeline-item-main\">\r\n\t\t\t\t\t\t  \t\t\t\t<span class=\"oew-timeline-arrow\"><\/span>\r\n\r\n\t\t\t\t\t\t  \t\t\t\t\t\t\t\t\t\t\t\t\t  \t\t<div class=\"oew-timeline-thumbnail\">\r\n\t\t\t\t\t\t\t\t\t\t\t\t<a href=\"#\" title=\"2019\">\r\n\t\t\t\t\t\t\t\t\t  \t\t\t\t<img src=\"https:\/\/pmsexport.hu\/wp-content\/uploads\/2020\/02\/2019.jpg\" alt=\"2019\">\r\n\t\t\t\t\t\t\t\t\t  \t\t\t<\/a>\r\n\t\t\t\t\t\t\t\t\t  \t\t<\/div>\r\n\t\t\t\t\t\t\t\t  \t\t\r\n\t\t\t\t\t\t\t\t  \t\t<div class=\"oew-timeline-desc\">\r\n\t\t\t\t\t\t\t\t\t\t\t\t\t\t\t\t\t\t\t\t\t\t\t<div class=\"oew-timeline-excerpt\"><ul><li><h2>Production management software<\/h2><\/li><\/ul><\/div>\r\n\t\t\t\t\t\t\t\t\t\t\t\t\t\t\t\t\t\t\t  \t\t<\/div>\r\n\t\t\t\t\t\t\t\t\t<\/div>\r\n\t\t\t\t\t\t\t\t<\/div>\r\n\r\n\t\t\t\t\t\t\t<\/div>\r\n\t\t\t\t\t\t<\/div>\r\n\r\n\t\t\t\t\t  \t\t\t\t\t\t  \t\t\t\t\t\t  \t\t\t<div class=\"oew-timeline-item\">\r\n\t\t\t\t\t\t  \t\t<div class=\"oew-timeline-date\"><span>2019<\/span><\/div>\r\n\t\t\t\t\t\t\t<\/div>\r\n\t\t\t\t\t\t\t\t\t\t\t\t\t<div class=\"oew-timeline-item\">\r\n\t\t\t\t\t\t  \t\t<div class=\"oew-timeline-date oew-timeline-date-right\"><span>2018<\/span><\/div>\r\n\t\t\t\t\t\t\t<\/div>\r\n\t\t\t\t\t\t\r\n\t\t\t\t  \t\t<div class=\"oew-timeline-item oew-timeline-item-right\">\r\n\t\t\t\t  \t\t\t<div class=\"oew-timeline-item-wrap\">\r\n\r\n\t\t\t\t  \t\t\t\t<div class=\"oew-timeline-line\"><span><\/span><\/div>\r\n\r\n\t\t\t\t\t  \t\t\t<div class=\"oew-timeline-item-container\">\r\n\t\t\t\t\t  \t\t\t\t<div class=\"oew-timeline-icon oew-timeline-custom-icon\"><span><i aria-hidden=\"true\" class=\"fas fa-file-alt\"><\/i><\/span><\/div>\r\n\r\n\t\t\t\t\t\t  \t\t\t<div class=\"oew-timeline-item-main\">\r\n\t\t\t\t\t\t  \t\t\t\t<span class=\"oew-timeline-arrow\"><\/span>\r\n\r\n\t\t\t\t\t\t  \t\t\t\t\t\t\t\t\t\t\t\t\t  \t\t<div class=\"oew-timeline-thumbnail\">\r\n\t\t\t\t\t\t\t\t\t\t\t\t<a href=\"#\" title=\"2018\">\r\n\t\t\t\t\t\t\t\t\t  \t\t\t\t<img src=\"https:\/\/pmsexport.hu\/wp-content\/uploads\/2020\/02\/SMT-2018-scaled.jpg\" alt=\"2018\">\r\n\t\t\t\t\t\t\t\t\t  \t\t\t<\/a>\r\n\t\t\t\t\t\t\t\t\t  \t\t<\/div>\r\n\t\t\t\t\t\t\t\t  \t\t\r\n\t\t\t\t\t\t\t\t  \t\t<div class=\"oew-timeline-desc\">\r\n\t\t\t\t\t\t\t\t\t\t\t\t\t\t\t\t\t\t\t\t\t\t\t<div class=\"oew-timeline-excerpt\"><ul><li><h2>Fit Tire Fitness<\/h2><\/li><\/ul><\/div>\r\n\t\t\t\t\t\t\t\t\t\t\t\t\t\t\t\t\t\t\t  \t\t<\/div>\r\n\t\t\t\t\t\t\t\t\t<\/div>\r\n\t\t\t\t\t\t\t\t<\/div>\r\n\r\n\t\t\t\t\t\t\t<\/div>\r\n\t\t\t\t\t\t<\/div>\r\n\r\n\t\t\t\t\t  \t\r\n\t\t\t\t  \t\t<div class=\"oew-timeline-item oew-timeline-item-left\">\r\n\t\t\t\t  \t\t\t<div class=\"oew-timeline-item-wrap\">\r\n\r\n\t\t\t\t  \t\t\t\t<div class=\"oew-timeline-line\"><span><\/span><\/div>\r\n\r\n\t\t\t\t\t  \t\t\t<div class=\"oew-timeline-item-container\">\r\n\t\t\t\t\t  \t\t\t\t<div class=\"oew-timeline-icon oew-timeline-custom-icon\"><span><i aria-hidden=\"true\" class=\"fas fa-file-alt\"><\/i><\/span><\/div>\r\n\r\n\t\t\t\t\t\t  \t\t\t<div class=\"oew-timeline-item-main\">\r\n\t\t\t\t\t\t  \t\t\t\t<span class=\"oew-timeline-arrow\"><\/span>\r\n\r\n\t\t\t\t\t\t  \t\t\t\t\t\t\t\t\t\t\t\t\t  \t\t<div class=\"oew-timeline-thumbnail\">\r\n\t\t\t\t\t\t\t\t\t\t\t\t<a href=\"#\" title=\"2016\">\r\n\t\t\t\t\t\t\t\t\t  \t\t\t\t<img src=\"https:\/\/pmsexport.hu\/wp-content\/uploads\/2020\/02\/mobil-fitness-park.jpg\" alt=\"2016\">\r\n\t\t\t\t\t\t\t\t\t  \t\t\t<\/a>\r\n\t\t\t\t\t\t\t\t\t  \t\t<\/div>\r\n\t\t\t\t\t\t\t\t  \t\t\r\n\t\t\t\t\t\t\t\t  \t\t<div class=\"oew-timeline-desc\">\r\n\t\t\t\t\t\t\t\t\t\t\t\t\t\t\t\t\t\t\t\t\t\t\t<div class=\"oew-timeline-excerpt\"><ul><li><h2>Mobil CrossFitness Park<\/h2><\/li><\/ul><\/div>\r\n\t\t\t\t\t\t\t\t\t\t\t\t\t\t\t\t\t\t\t  \t\t<\/div>\r\n\t\t\t\t\t\t\t\t\t<\/div>\r\n\t\t\t\t\t\t\t\t<\/div>\r\n\r\n\t\t\t\t\t\t\t<\/div>\r\n\t\t\t\t\t\t<\/div>\r\n\r\n\t\t\t\t\t  \t\t\t\t\t\t  \t\t\t\t\t\t  \t\t\t<div class=\"oew-timeline-item\">\r\n\t\t\t\t\t\t  \t\t<div class=\"oew-timeline-date\"><span> 2016<\/span><\/div>\r\n\t\t\t\t\t\t\t<\/div>\r\n\t\t\t\t\t\t\r\n\t\t\t\t<\/div>\r\n\t\t\t<\/div>\r\n\r\n\t\t\t\t<\/div>\n\t\t\t\t<\/div>\n\t\t\t\t\t\t<\/div>\n\t\t\t\t\t<\/div>\n\t\t<\/div>\n\t\t\t\t\t\t\t\t<\/div>\n\t\t\t\t\t<\/div>\n\t\t<\/section>\n\t\t\t\t\t\t\t\t\t<\/div>\n\t\t\t<\/div>\n\t\t\t\t\t<\/div>","protected":false},"excerpt":{"rendered":"<p>Bemutatkoz\u00e1s Terveztetne? Gy\u00e1rtatna? Ipari tiszt\u00edt\u00e1sra lenne sz\u00fcks\u00e9ge? N\u00e1lunk j\u00f3 helyen j\u00e1r! Egyedi gy\u00e1rt\u00e1st\u00f3l a nagy sz\u00e9ri\u00e1kig, egyszer\u0171 alkatr\u00e9szekt\u0151l a komplex g\u00e9pekig. Megl\u00e9v\u0151 tervek alapj\u00e1n, vagy ezek hi\u00e1ny\u00e1ban 2D vagy 3D k\u00f6rnyezetben k\u00e9sz\u00edtj\u00fck el a sz\u00fcks\u00e9ges m\u0171szaki dokument\u00e1ci\u00f3t \u00e9s m\u00e1r indulhat is a gy\u00e1rt\u00e1s. Safranka Zsolt \u00dcgyvezet\u0151 Kereskedelem M\u0171szaki tervez\u00e9s Gy\u00e1rt\u00e1s L\u00e9zerv\u00e1g\u00e1s F\u00e9mszerkezet gy\u00e1rt\u00e1s CNC \u00e9lhajl\u00edt\u00e1s [&hellip;]<\/p>","protected":false},"author":1,"featured_media":0,"parent":0,"menu_order":0,"comment_status":"closed","ping_status":"closed","template":"elementor_header_footer","meta":[],"_links":{"self":[{"href":"https:\/\/pmsexport.hu\/en\/wp-json\/wp\/v2\/pages\/208"}],"collection":[{"href":"https:\/\/pmsexport.hu\/en\/wp-json\/wp\/v2\/pages"}],"about":[{"href":"https:\/\/pmsexport.hu\/en\/wp-json\/wp\/v2\/types\/page"}],"author":[{"embeddable":true,"href":"https:\/\/pmsexport.hu\/en\/wp-json\/wp\/v2\/users\/1"}],"replies":[{"embeddable":true,"href":"https:\/\/pmsexport.hu\/en\/wp-json\/wp\/v2\/comments?post=208"}],"version-history":[{"count":5,"href":"https:\/\/pmsexport.hu\/en\/wp-json\/wp\/v2\/pages\/208\/revisions"}],"predecessor-version":[{"id":1494,"href":"https:\/\/pmsexport.hu\/en\/wp-json\/wp\/v2\/pages\/208\/revisions\/1494"}],"wp:attachment":[{"href":"https:\/\/pmsexport.hu\/en\/wp-json\/wp\/v2\/media?parent=208"}],"curies":[{"name":"wp","href":"https:\/\/api.w.org\/{rel}","templated":true}]}}