{"id":999,"date":"2020-02-20T19:06:50","date_gmt":"2020-02-20T19:06:50","guid":{"rendered":"https:\/\/pmsexport.hu\/?page_id=999"},"modified":"2021-12-09T07:16:06","modified_gmt":"2021-12-09T07:16:06","slug":"galeria","status":"publish","type":"page","link":"https:\/\/pmsexport.hu\/en\/galeria\/","title":{"rendered":"Gallery"},"content":{"rendered":"<div data-elementor-type=\"wp-page\" data-elementor-id=\"999\" class=\"elementor elementor-999\">\n\t\t\t\t\t\t<div class=\"elementor-inner\">\n\t\t\t\t<div class=\"elementor-section-wrap\">\n\t\t\t\t\t\t\t\t\t<section class=\"elementor-section elementor-top-section elementor-element elementor-element-91e6a7e elementor-section-boxed elementor-section-height-default elementor-section-height-default\" data-id=\"91e6a7e\" data-element_type=\"section\">\n\t\t\t\t\t\t<div class=\"elementor-container elementor-column-gap-default\">\n\t\t\t\t\t\t\t<div class=\"elementor-row\">\n\t\t\t\t\t<div class=\"elementor-column elementor-col-100 elementor-top-column elementor-element elementor-element-4771ae2\" data-id=\"4771ae2\" data-element_type=\"column\">\n\t\t\t<div class=\"elementor-column-wrap elementor-element-populated\">\n\t\t\t\t\t\t\t<div class=\"elementor-widget-wrap\">\n\t\t\t\t\t\t<div class=\"elementor-element elementor-element-af973bb elementor-widget elementor-widget-oew-image-gallery\" data-id=\"af973bb\" data-element_type=\"widget\" data-widget_type=\"oew-image-gallery.default\">\n\t\t\t\t<div class=\"elementor-widget-container\">\n\t\t\t\r\n\t\t<div class=\"oew-image-gallery oew-has-lightbox\">\r\n\t\t\t\r\n\t\t\t\t<div class=\"oew-gallery-item\">\r\n\t\t\t\t\t<a class=\"oew-gallery-item-inner no-lightbox\" href=\"https:\/\/pmsexport.hu\/wp-content\/uploads\/2020\/02\/Sav\u00e1ll\u00f3-h\u00edd-Saliris-Hotel-3.jpg\" data-width=\"600\" data-height=\"800\" data-elementor-open-lightbox=\"no\">\r\n\t\t\t\t\t\t<div class=\"oew-gallery-thumbnail\">\r\n\t\t\t\t\t\t\t<img src=\"https:\/\/pmsexport.hu\/wp-content\/uploads\/2020\/02\/Sav\u00e1ll\u00f3-h\u00edd-Saliris-Hotel-3.jpg\" alt=\"Sav\u00e1ll\u00f3 h\u00edd Saliris Hotel\">\r\n\t\t\t\t\t\t<\/div>\r\n\r\n\t\t\t\t\t\t\t\t\t\t\t\t\t<div class=\"oew-gallery-overlay oew-gallery-transition-fade\">\r\n\t\t\t\t\t\t\t\t\t\t\t\t\t\t\t\t\t<div class=\"oew-gallery-item-icon\">\r\n\t\t\t\t\t\t\t\t\t\t<i aria-hidden=\"true\" class=\"fas fa-search\"><\/i>\t\t\t\t\t\t\t\t\t<\/div>\r\n\t\t\t\t\t\t\t\t\t\t\t\t\t\t\t\t\t\t<div class=\"oew-gallery-item-caption\">\r\n\t\t\t\t\t\t\t\t\t\tAcid-proof Bridge Saliris Hotel\t\t\t\t\t\t\t\t\t<\/div>\r\n\t\t\t\t\t\t\t\t\t\t\t\t\t\t\t\t<\/div>\r\n\t\t\t\t\t\t\t\t\t\t\t\t<\/a>\r\n\t\t\t\t<\/div>\r\n\r\n\t\t\t\t\r\n\t\t\t\t<div class=\"oew-gallery-item\">\r\n\t\t\t\t\t<a class=\"oew-gallery-item-inner no-lightbox\" href=\"https:\/\/pmsexport.hu\/wp-content\/uploads\/2020\/02\/Sav\u00e1ll\u00f3-h\u00edd-Saliris-Hotel-2.jpg\" data-width=\"1067\" data-height=\"800\" data-elementor-open-lightbox=\"no\">\r\n\t\t\t\t\t\t<div class=\"oew-gallery-thumbnail\">\r\n\t\t\t\t\t\t\t<img src=\"https:\/\/pmsexport.hu\/wp-content\/uploads\/2020\/02\/Sav\u00e1ll\u00f3-h\u00edd-Saliris-Hotel-2-768x576.jpg\" alt=\"Sav\u00e1ll\u00f3 h\u00edd Saliris Hotel\">\r\n\t\t\t\t\t\t<\/div>\r\n\r\n\t\t\t\t\t\t\t\t\t\t\t\t\t<div class=\"oew-gallery-overlay oew-gallery-transition-fade\">\r\n\t\t\t\t\t\t\t\t\t\t\t\t\t\t\t\t\t<div class=\"oew-gallery-item-icon\">\r\n\t\t\t\t\t\t\t\t\t\t<i aria-hidden=\"true\" class=\"fas fa-search\"><\/i>\t\t\t\t\t\t\t\t\t<\/div>\r\n\t\t\t\t\t\t\t\t\t\t\t\t\t\t\t\t\t\t<div class=\"oew-gallery-item-caption\">\r\n\t\t\t\t\t\t\t\t\t\tAcid-proof Bridge Saliris Hotel\t\t\t\t\t\t\t\t\t<\/div>\r\n\t\t\t\t\t\t\t\t\t\t\t\t\t\t\t\t<\/div>\r\n\t\t\t\t\t\t\t\t\t\t\t\t<\/a>\r\n\t\t\t\t<\/div>\r\n\r\n\t\t\t\t\r\n\t\t\t\t<div class=\"oew-gallery-item\">\r\n\t\t\t\t\t<a class=\"oew-gallery-item-inner no-lightbox\" href=\"https:\/\/pmsexport.hu\/wp-content\/uploads\/2020\/02\/Sav\u00e1ll\u00f3-h\u00edd-Saliris-Hotel-1.jpg\" data-width=\"1210\" data-height=\"800\" data-elementor-open-lightbox=\"no\">\r\n\t\t\t\t\t\t<div class=\"oew-gallery-thumbnail\">\r\n\t\t\t\t\t\t\t<img src=\"https:\/\/pmsexport.hu\/wp-content\/uploads\/2020\/02\/Sav\u00e1ll\u00f3-h\u00edd-Saliris-Hotel-1-768x508.jpg\" alt=\"Sav\u00e1ll\u00f3 h\u00edd Saliris Hotel\">\r\n\t\t\t\t\t\t<\/div>\r\n\r\n\t\t\t\t\t\t\t\t\t\t\t\t\t<div class=\"oew-gallery-overlay oew-gallery-transition-fade\">\r\n\t\t\t\t\t\t\t\t\t\t\t\t\t\t\t\t\t<div class=\"oew-gallery-item-icon\">\r\n\t\t\t\t\t\t\t\t\t\t<i aria-hidden=\"true\" class=\"fas fa-search\"><\/i>\t\t\t\t\t\t\t\t\t<\/div>\r\n\t\t\t\t\t\t\t\t\t\t\t\t\t\t\t\t\t\t<div class=\"oew-gallery-item-caption\">\r\n\t\t\t\t\t\t\t\t\t\tAcid-proof Bridge Saliris Hotel\t\t\t\t\t\t\t\t\t<\/div>\r\n\t\t\t\t\t\t\t\t\t\t\t\t\t\t\t\t<\/div>\r\n\t\t\t\t\t\t\t\t\t\t\t\t<\/a>\r\n\t\t\t\t<\/div>\r\n\r\n\t\t\t\t\r\n\t\t\t\t<div class=\"oew-gallery-item\">\r\n\t\t\t\t\t<a class=\"oew-gallery-item-inner no-lightbox\" href=\"https:\/\/pmsexport.hu\/wp-content\/uploads\/2020\/02\/Rekl\u00e1m-alum\u00ednium-pajzs.jpg\" data-width=\"600\" data-height=\"800\" data-elementor-open-lightbox=\"no\">\r\n\t\t\t\t\t\t<div class=\"oew-gallery-thumbnail\">\r\n\t\t\t\t\t\t\t<img src=\"https:\/\/pmsexport.hu\/wp-content\/uploads\/2020\/02\/Rekl\u00e1m-alum\u00ednium-pajzs.jpg\" alt=\"Rekl\u00e1m alum\u00ednium pajzs\">\r\n\t\t\t\t\t\t<\/div>\r\n\r\n\t\t\t\t\t\t\t\t\t\t\t\t\t<div class=\"oew-gallery-overlay oew-gallery-transition-fade\">\r\n\t\t\t\t\t\t\t\t\t\t\t\t\t\t\t\t\t<div class=\"oew-gallery-item-icon\">\r\n\t\t\t\t\t\t\t\t\t\t<i aria-hidden=\"true\" class=\"fas fa-search\"><\/i>\t\t\t\t\t\t\t\t\t<\/div>\r\n\t\t\t\t\t\t\t\t\t\t\t\t\t\t\t\t\t\t<div class=\"oew-gallery-item-caption\">\r\n\t\t\t\t\t\t\t\t\t\tAdvertising aluminum shield\t\t\t\t\t\t\t\t\t<\/div>\r\n\t\t\t\t\t\t\t\t\t\t\t\t\t\t\t\t<\/div>\r\n\t\t\t\t\t\t\t\t\t\t\t\t<\/a>\r\n\t\t\t\t<\/div>\r\n\r\n\t\t\t\t\r\n\t\t\t\t<div class=\"oew-gallery-item\">\r\n\t\t\t\t\t<a class=\"oew-gallery-item-inner no-lightbox\" href=\"https:\/\/pmsexport.hu\/wp-content\/uploads\/2020\/02\/Pol\u00edrozott-rozsdamentes-doboz.jpg\" data-width=\"1422\" data-height=\"800\" data-elementor-open-lightbox=\"no\">\r\n\t\t\t\t\t\t<div class=\"oew-gallery-thumbnail\">\r\n\t\t\t\t\t\t\t<img src=\"https:\/\/pmsexport.hu\/wp-content\/uploads\/2020\/02\/Pol\u00edrozott-rozsdamentes-doboz-768x432.jpg\" alt=\"Pol\u00edrozott rozsdamentes doboz\">\r\n\t\t\t\t\t\t<\/div>\r\n\r\n\t\t\t\t\t\t\t\t\t\t\t\t\t<div class=\"oew-gallery-overlay oew-gallery-transition-fade\">\r\n\t\t\t\t\t\t\t\t\t\t\t\t\t\t\t\t\t<div class=\"oew-gallery-item-icon\">\r\n\t\t\t\t\t\t\t\t\t\t<i aria-hidden=\"true\" class=\"fas fa-search\"><\/i>\t\t\t\t\t\t\t\t\t<\/div>\r\n\t\t\t\t\t\t\t\t\t\t\t\t\t\t\t\t\t\t<div class=\"oew-gallery-item-caption\">\r\n\t\t\t\t\t\t\t\t\t\tPolished stainless steel box\t\t\t\t\t\t\t\t\t<\/div>\r\n\t\t\t\t\t\t\t\t\t\t\t\t\t\t\t\t<\/div>\r\n\t\t\t\t\t\t\t\t\t\t\t\t<\/a>\r\n\t\t\t\t<\/div>\r\n\r\n\t\t\t\t\r\n\t\t\t\t<div class=\"oew-gallery-item\">\r\n\t\t\t\t\t<a class=\"oew-gallery-item-inner no-lightbox\" href=\"https:\/\/pmsexport.hu\/wp-content\/uploads\/2020\/02\/EF-680-machine2.jpg\" data-width=\"1200\" data-height=\"800\" data-elementor-open-lightbox=\"no\">\r\n\t\t\t\t\t\t<div class=\"oew-gallery-thumbnail\">\r\n\t\t\t\t\t\t\t<img src=\"https:\/\/pmsexport.hu\/wp-content\/uploads\/2020\/02\/EF-680-machine2-768x512.jpg\" alt=\"T\u00fckr\u00f6s pol\u00edrozott g\u00e9ph\u00e1z gy\u00e1rt\u00e1s\">\r\n\t\t\t\t\t\t<\/div>\r\n\r\n\t\t\t\t\t\t\t\t\t\t\t\t\t<div class=\"oew-gallery-overlay oew-gallery-transition-fade\">\r\n\t\t\t\t\t\t\t\t\t\t\t\t\t\t\t\t\t<div class=\"oew-gallery-item-icon\">\r\n\t\t\t\t\t\t\t\t\t\t<i aria-hidden=\"true\" class=\"fas fa-search\"><\/i>\t\t\t\t\t\t\t\t\t<\/div>\r\n\t\t\t\t\t\t\t\t\t\t\t\t\t\t\t\t\t\t<div class=\"oew-gallery-item-caption\">\r\n\t\t\t\t\t\t\t\t\t\tMirror polished machine housing production\t\t\t\t\t\t\t\t\t<\/div>\r\n\t\t\t\t\t\t\t\t\t\t\t\t\t\t\t\t<\/div>\r\n\t\t\t\t\t\t\t\t\t\t\t\t<\/a>\r\n\t\t\t\t<\/div>\r\n\r\n\t\t\t\t\r\n\t\t\t\t<div class=\"oew-gallery-item\">\r\n\t\t\t\t\t<a class=\"oew-gallery-item-inner no-lightbox\" href=\"https:\/\/pmsexport.hu\/wp-content\/uploads\/2020\/02\/Mobil-CrossFitnes-Park-2.jpg\" data-width=\"1067\" data-height=\"800\" data-elementor-open-lightbox=\"no\">\r\n\t\t\t\t\t\t<div class=\"oew-gallery-thumbnail\">\r\n\t\t\t\t\t\t\t<img src=\"https:\/\/pmsexport.hu\/wp-content\/uploads\/2020\/02\/Mobil-CrossFitnes-Park-2-768x576.jpg\" alt=\"Mobil CrossFitnes Park\">\r\n\t\t\t\t\t\t<\/div>\r\n\r\n\t\t\t\t\t\t\t\t\t\t\t\t\t<div class=\"oew-gallery-overlay oew-gallery-transition-fade\">\r\n\t\t\t\t\t\t\t\t\t\t\t\t\t\t\t\t\t<div class=\"oew-gallery-item-icon\">\r\n\t\t\t\t\t\t\t\t\t\t<i aria-hidden=\"true\" class=\"fas fa-search\"><\/i>\t\t\t\t\t\t\t\t\t<\/div>\r\n\t\t\t\t\t\t\t\t\t\t\t\t\t\t\t\t\t\t<div class=\"oew-gallery-item-caption\">\r\n\t\t\t\t\t\t\t\t\t\tMobil CrossFitnes Park\t\t\t\t\t\t\t\t\t<\/div>\r\n\t\t\t\t\t\t\t\t\t\t\t\t\t\t\t\t<\/div>\r\n\t\t\t\t\t\t\t\t\t\t\t\t<\/a>\r\n\t\t\t\t<\/div>\r\n\r\n\t\t\t\t\r\n\t\t\t\t<div class=\"oew-gallery-item\">\r\n\t\t\t\t\t<a class=\"oew-gallery-item-inner no-lightbox\" href=\"https:\/\/pmsexport.hu\/wp-content\/uploads\/2020\/02\/Mobil-CrossFitnes-Park-1.jpg\" data-width=\"1067\" data-height=\"800\" data-elementor-open-lightbox=\"no\">\r\n\t\t\t\t\t\t<div class=\"oew-gallery-thumbnail\">\r\n\t\t\t\t\t\t\t<img src=\"https:\/\/pmsexport.hu\/wp-content\/uploads\/2020\/02\/Mobil-CrossFitnes-Park-1-768x576.jpg\" alt=\"Mobil CrossFitnes Park\">\r\n\t\t\t\t\t\t<\/div>\r\n\r\n\t\t\t\t\t\t\t\t\t\t\t\t\t<div class=\"oew-gallery-overlay oew-gallery-transition-fade\">\r\n\t\t\t\t\t\t\t\t\t\t\t\t\t\t\t\t\t<div class=\"oew-gallery-item-icon\">\r\n\t\t\t\t\t\t\t\t\t\t<i aria-hidden=\"true\" class=\"fas fa-search\"><\/i>\t\t\t\t\t\t\t\t\t<\/div>\r\n\t\t\t\t\t\t\t\t\t\t\t\t\t\t\t\t\t\t<div class=\"oew-gallery-item-caption\">\r\n\t\t\t\t\t\t\t\t\t\tMobil CrossFitnes Park\t\t\t\t\t\t\t\t\t<\/div>\r\n\t\t\t\t\t\t\t\t\t\t\t\t\t\t\t\t<\/div>\r\n\t\t\t\t\t\t\t\t\t\t\t\t<\/a>\r\n\t\t\t\t<\/div>\r\n\r\n\t\t\t\t\r\n\t\t\t\t<div class=\"oew-gallery-item\">\r\n\t\t\t\t\t<a class=\"oew-gallery-item-inner no-lightbox\" href=\"https:\/\/pmsexport.hu\/wp-content\/uploads\/2020\/02\/Mobil-CrossFitnes-Park-3.jpg\" data-width=\"1067\" data-height=\"800\" data-elementor-open-lightbox=\"no\">\r\n\t\t\t\t\t\t<div class=\"oew-gallery-thumbnail\">\r\n\t\t\t\t\t\t\t<img src=\"https:\/\/pmsexport.hu\/wp-content\/uploads\/2020\/02\/Mobil-CrossFitnes-Park-3-768x576.jpg\" alt=\"Mobil CrossFitnes Park\">\r\n\t\t\t\t\t\t<\/div>\r\n\r\n\t\t\t\t\t\t\t\t\t\t\t\t\t<div class=\"oew-gallery-overlay oew-gallery-transition-fade\">\r\n\t\t\t\t\t\t\t\t\t\t\t\t\t\t\t\t\t<div class=\"oew-gallery-item-icon\">\r\n\t\t\t\t\t\t\t\t\t\t<i aria-hidden=\"true\" class=\"fas fa-search\"><\/i>\t\t\t\t\t\t\t\t\t<\/div>\r\n\t\t\t\t\t\t\t\t\t\t\t\t\t\t\t\t\t\t<div class=\"oew-gallery-item-caption\">\r\n\t\t\t\t\t\t\t\t\t\tMobil CrossFitnes Park\t\t\t\t\t\t\t\t\t<\/div>\r\n\t\t\t\t\t\t\t\t\t\t\t\t\t\t\t\t<\/div>\r\n\t\t\t\t\t\t\t\t\t\t\t\t<\/a>\r\n\t\t\t\t<\/div>\r\n\r\n\t\t\t\t\r\n\t\t\t\t<div class=\"oew-gallery-item\">\r\n\t\t\t\t\t<a class=\"oew-gallery-item-inner no-lightbox\" href=\"https:\/\/pmsexport.hu\/wp-content\/uploads\/2020\/02\/Gyulai-Erkel-Hotel-erk\u00e9ly-korl\u00e1t-gy\u00e1rt\u00e1s.jpg\" data-width=\"600\" data-height=\"800\" data-elementor-open-lightbox=\"no\">\r\n\t\t\t\t\t\t<div class=\"oew-gallery-thumbnail\">\r\n\t\t\t\t\t\t\t<img src=\"https:\/\/pmsexport.hu\/wp-content\/uploads\/2020\/02\/Gyulai-Erkel-Hotel-erk\u00e9ly-korl\u00e1t-gy\u00e1rt\u00e1s.jpg\" alt=\"Gyulai Erkel Hotel erk\u00e9ly korl\u00e1t gy\u00e1rt\u00e1s\">\r\n\t\t\t\t\t\t<\/div>\r\n\r\n\t\t\t\t\t\t\t\t\t\t\t\t\t<div class=\"oew-gallery-overlay oew-gallery-transition-fade\">\r\n\t\t\t\t\t\t\t\t\t\t\t\t\t\t\t\t\t<div class=\"oew-gallery-item-icon\">\r\n\t\t\t\t\t\t\t\t\t\t<i aria-hidden=\"true\" class=\"fas fa-search\"><\/i>\t\t\t\t\t\t\t\t\t<\/div>\r\n\t\t\t\t\t\t\t\t\t\t\t\t\t\t\t\t\t\t<div class=\"oew-gallery-item-caption\">\r\n\t\t\t\t\t\t\t\t\t\tGyulai Erkel Hotel balcony railing manufacturing\t\t\t\t\t\t\t\t\t<\/div>\r\n\t\t\t\t\t\t\t\t\t\t\t\t\t\t\t\t<\/div>\r\n\t\t\t\t\t\t\t\t\t\t\t\t<\/a>\r\n\t\t\t\t<\/div>\r\n\r\n\t\t\t\t\r\n\t\t\t\t<div class=\"oew-gallery-item\">\r\n\t\t\t\t\t<a class=\"oew-gallery-item-inner no-lightbox\" href=\"https:\/\/pmsexport.hu\/wp-content\/uploads\/2020\/02\/Gyulai-Erkel-Hotel-erk\u00e9ly-korl\u00e1t-gy\u00e1rt\u00e1s-3.jpg\" data-width=\"1067\" data-height=\"800\" data-elementor-open-lightbox=\"no\">\r\n\t\t\t\t\t\t<div class=\"oew-gallery-thumbnail\">\r\n\t\t\t\t\t\t\t<img src=\"https:\/\/pmsexport.hu\/wp-content\/uploads\/2020\/02\/Gyulai-Erkel-Hotel-erk\u00e9ly-korl\u00e1t-gy\u00e1rt\u00e1s-3-768x576.jpg\" alt=\"Gyulai Erkel Hotel erk\u00e9ly korl\u00e1t gy\u00e1rt\u00e1s\">\r\n\t\t\t\t\t\t<\/div>\r\n\r\n\t\t\t\t\t\t\t\t\t\t\t\t\t<div class=\"oew-gallery-overlay oew-gallery-transition-fade\">\r\n\t\t\t\t\t\t\t\t\t\t\t\t\t\t\t\t\t<div class=\"oew-gallery-item-icon\">\r\n\t\t\t\t\t\t\t\t\t\t<i aria-hidden=\"true\" class=\"fas fa-search\"><\/i>\t\t\t\t\t\t\t\t\t<\/div>\r\n\t\t\t\t\t\t\t\t\t\t\t\t\t\t\t\t\t\t<div class=\"oew-gallery-item-caption\">\r\n\t\t\t\t\t\t\t\t\t\tGyulai Erkel Hotel balcony railing manufacturing\t\t\t\t\t\t\t\t\t<\/div>\r\n\t\t\t\t\t\t\t\t\t\t\t\t\t\t\t\t<\/div>\r\n\t\t\t\t\t\t\t\t\t\t\t\t<\/a>\r\n\t\t\t\t<\/div>\r\n\r\n\t\t\t\t\r\n\t\t\t\t<div class=\"oew-gallery-item\">\r\n\t\t\t\t\t<a class=\"oew-gallery-item-inner no-lightbox\" href=\"https:\/\/pmsexport.hu\/wp-content\/uploads\/2020\/02\/Fit-Tire-3.jpg\" data-width=\"1200\" data-height=\"800\" data-elementor-open-lightbox=\"no\">\r\n\t\t\t\t\t\t<div class=\"oew-gallery-thumbnail\">\r\n\t\t\t\t\t\t\t<img src=\"https:\/\/pmsexport.hu\/wp-content\/uploads\/2020\/02\/Fit-Tire-3-768x512.jpg\" alt=\"Fit Tire Fitness\">\r\n\t\t\t\t\t\t<\/div>\r\n\r\n\t\t\t\t\t\t\t\t\t\t\t\t\t<div class=\"oew-gallery-overlay oew-gallery-transition-fade\">\r\n\t\t\t\t\t\t\t\t\t\t\t\t\t\t\t\t\t<div class=\"oew-gallery-item-icon\">\r\n\t\t\t\t\t\t\t\t\t\t<i aria-hidden=\"true\" class=\"fas fa-search\"><\/i>\t\t\t\t\t\t\t\t\t<\/div>\r\n\t\t\t\t\t\t\t\t\t\t\t\t\t\t\t\t\t\t<div class=\"oew-gallery-item-caption\">\r\n\t\t\t\t\t\t\t\t\t\tFit Tire Fitness\t\t\t\t\t\t\t\t\t<\/div>\r\n\t\t\t\t\t\t\t\t\t\t\t\t\t\t\t\t<\/div>\r\n\t\t\t\t\t\t\t\t\t\t\t\t<\/a>\r\n\t\t\t\t<\/div>\r\n\r\n\t\t\t\t\r\n\t\t\t\t<div class=\"oew-gallery-item\">\r\n\t\t\t\t\t<a class=\"oew-gallery-item-inner no-lightbox\" href=\"https:\/\/pmsexport.hu\/wp-content\/uploads\/2020\/02\/Fit-Tire-1.jpg\" data-width=\"1200\" data-height=\"800\" data-elementor-open-lightbox=\"no\">\r\n\t\t\t\t\t\t<div class=\"oew-gallery-thumbnail\">\r\n\t\t\t\t\t\t\t<img src=\"https:\/\/pmsexport.hu\/wp-content\/uploads\/2020\/02\/Fit-Tire-1-768x512.jpg\" alt=\"Fit Tire Fitness\">\r\n\t\t\t\t\t\t<\/div>\r\n\r\n\t\t\t\t\t\t\t\t\t\t\t\t\t<div class=\"oew-gallery-overlay oew-gallery-transition-fade\">\r\n\t\t\t\t\t\t\t\t\t\t\t\t\t\t\t\t\t<div class=\"oew-gallery-item-icon\">\r\n\t\t\t\t\t\t\t\t\t\t<i aria-hidden=\"true\" class=\"fas fa-search\"><\/i>\t\t\t\t\t\t\t\t\t<\/div>\r\n\t\t\t\t\t\t\t\t\t\t\t\t\t\t\t\t\t\t<div class=\"oew-gallery-item-caption\">\r\n\t\t\t\t\t\t\t\t\t\tFit Tire Fitness\t\t\t\t\t\t\t\t\t<\/div>\r\n\t\t\t\t\t\t\t\t\t\t\t\t\t\t\t\t<\/div>\r\n\t\t\t\t\t\t\t\t\t\t\t\t<\/a>\r\n\t\t\t\t<\/div>\r\n\r\n\t\t\t\t\r\n\t\t\t\t<div class=\"oew-gallery-item\">\r\n\t\t\t\t\t<a class=\"oew-gallery-item-inner no-lightbox\" href=\"https:\/\/pmsexport.hu\/wp-content\/uploads\/2020\/02\/fit-tire-homepage.jpg\" data-width=\"1400\" data-height=\"1007\" data-elementor-open-lightbox=\"no\">\r\n\t\t\t\t\t\t<div class=\"oew-gallery-thumbnail\">\r\n\t\t\t\t\t\t\t<img src=\"https:\/\/pmsexport.hu\/wp-content\/uploads\/2020\/02\/fit-tire-homepage-768x552.jpg\" alt=\"Fit Tire Fitness\">\r\n\t\t\t\t\t\t<\/div>\r\n\r\n\t\t\t\t\t\t\t\t\t\t\t\t\t<div class=\"oew-gallery-overlay oew-gallery-transition-fade\">\r\n\t\t\t\t\t\t\t\t\t\t\t\t\t\t\t\t\t<div class=\"oew-gallery-item-icon\">\r\n\t\t\t\t\t\t\t\t\t\t<i aria-hidden=\"true\" class=\"fas fa-search\"><\/i>\t\t\t\t\t\t\t\t\t<\/div>\r\n\t\t\t\t\t\t\t\t\t\t\t\t\t\t\t\t\t\t<div class=\"oew-gallery-item-caption\">\r\n\t\t\t\t\t\t\t\t\t\tFit Tire Fitness\t\t\t\t\t\t\t\t\t<\/div>\r\n\t\t\t\t\t\t\t\t\t\t\t\t\t\t\t\t<\/div>\r\n\t\t\t\t\t\t\t\t\t\t\t\t<\/a>\r\n\t\t\t\t<\/div>\r\n\r\n\t\t\t\t\r\n\t\t\t\t<div class=\"oew-gallery-item\">\r\n\t\t\t\t\t<a class=\"oew-gallery-item-inner no-lightbox\" href=\"https:\/\/pmsexport.hu\/wp-content\/uploads\/2020\/02\/Tolat\u00f3-radar-fest\u0151sablon2.jpg\" data-width=\"600\" data-height=\"800\" data-elementor-open-lightbox=\"no\">\r\n\t\t\t\t\t\t<div class=\"oew-gallery-thumbnail\">\r\n\t\t\t\t\t\t\t<img src=\"https:\/\/pmsexport.hu\/wp-content\/uploads\/2020\/02\/Tolat\u00f3-radar-fest\u0151sablon2.jpg\" alt=\"Tolat\u00f3 radar fest\u0151sablon\">\r\n\t\t\t\t\t\t<\/div>\r\n\r\n\t\t\t\t\t\t\t\t\t\t\t\t\t<div class=\"oew-gallery-overlay oew-gallery-transition-fade\">\r\n\t\t\t\t\t\t\t\t\t\t\t\t\t\t\t\t\t<div class=\"oew-gallery-item-icon\">\r\n\t\t\t\t\t\t\t\t\t\t<i aria-hidden=\"true\" class=\"fas fa-search\"><\/i>\t\t\t\t\t\t\t\t\t<\/div>\r\n\t\t\t\t\t\t\t\t\t\t\t\t\t\t\t\t\t\t<div class=\"oew-gallery-item-caption\">\r\n\t\t\t\t\t\t\t\t\t\tReverse radar painting template\t\t\t\t\t\t\t\t\t<\/div>\r\n\t\t\t\t\t\t\t\t\t\t\t\t\t\t\t\t<\/div>\r\n\t\t\t\t\t\t\t\t\t\t\t\t<\/a>\r\n\t\t\t\t<\/div>\r\n\r\n\t\t\t\t\r\n\t\t\t\t<div class=\"oew-gallery-item\">\r\n\t\t\t\t\t<a class=\"oew-gallery-item-inner no-lightbox\" href=\"https:\/\/pmsexport.hu\/wp-content\/uploads\/2020\/02\/Tolat\u00f3-radar-fest\u0151sablon.jpg\" data-width=\"600\" data-height=\"800\" data-elementor-open-lightbox=\"no\">\r\n\t\t\t\t\t\t<div class=\"oew-gallery-thumbnail\">\r\n\t\t\t\t\t\t\t<img src=\"https:\/\/pmsexport.hu\/wp-content\/uploads\/2020\/02\/Tolat\u00f3-radar-fest\u0151sablon.jpg\" alt=\"Tolat\u00f3 radar fest\u0151sablon\">\r\n\t\t\t\t\t\t<\/div>\r\n\r\n\t\t\t\t\t\t\t\t\t\t\t\t\t<div class=\"oew-gallery-overlay oew-gallery-transition-fade\">\r\n\t\t\t\t\t\t\t\t\t\t\t\t\t\t\t\t\t<div class=\"oew-gallery-item-icon\">\r\n\t\t\t\t\t\t\t\t\t\t<i aria-hidden=\"true\" class=\"fas fa-search\"><\/i>\t\t\t\t\t\t\t\t\t<\/div>\r\n\t\t\t\t\t\t\t\t\t\t\t\t\t\t\t\t\t\t<div class=\"oew-gallery-item-caption\">\r\n\t\t\t\t\t\t\t\t\t\tReverse radar painting template\t\t\t\t\t\t\t\t\t<\/div>\r\n\t\t\t\t\t\t\t\t\t\t\t\t\t\t\t\t<\/div>\r\n\t\t\t\t\t\t\t\t\t\t\t\t<\/a>\r\n\t\t\t\t<\/div>\r\n\r\n\t\t\t\t\r\n\t\t\t\t<div class=\"oew-gallery-item\">\r\n\t\t\t\t\t<a class=\"oew-gallery-item-inner no-lightbox\" href=\"https:\/\/pmsexport.hu\/wp-content\/uploads\/2020\/02\/L\u00e1mpamos\u00f3-fest\u0151sablon.jpg\" data-width=\"1067\" data-height=\"800\" data-elementor-open-lightbox=\"no\">\r\n\t\t\t\t\t\t<div class=\"oew-gallery-thumbnail\">\r\n\t\t\t\t\t\t\t<img src=\"https:\/\/pmsexport.hu\/wp-content\/uploads\/2020\/02\/L\u00e1mpamos\u00f3-fest\u0151sablon-768x576.jpg\" alt=\"L\u00e1mpamos\u00f3 fest\u0151sablon\">\r\n\t\t\t\t\t\t<\/div>\r\n\r\n\t\t\t\t\t\t\t\t\t\t\t\t\t<div class=\"oew-gallery-overlay oew-gallery-transition-fade\">\r\n\t\t\t\t\t\t\t\t\t\t\t\t\t\t\t\t\t<div class=\"oew-gallery-item-icon\">\r\n\t\t\t\t\t\t\t\t\t\t<i aria-hidden=\"true\" class=\"fas fa-search\"><\/i>\t\t\t\t\t\t\t\t\t<\/div>\r\n\t\t\t\t\t\t\t\t\t\t\t\t\t\t\t\t\t\t<div class=\"oew-gallery-item-caption\">\r\n\t\t\t\t\t\t\t\t\t\tLamp Washer Painting Template\t\t\t\t\t\t\t\t\t<\/div>\r\n\t\t\t\t\t\t\t\t\t\t\t\t\t\t\t\t<\/div>\r\n\t\t\t\t\t\t\t\t\t\t\t\t<\/a>\r\n\t\t\t\t<\/div>\r\n\r\n\t\t\t\t\t\t<\/div>\r\n\r\n\t\t\t\t<\/div>\n\t\t\t\t<\/div>\n\t\t\t\t\t\t<\/div>\n\t\t\t\t\t<\/div>\n\t\t<\/div>\n\t\t\t\t\t\t\t\t<\/div>\n\t\t\t\t\t<\/div>\n\t\t<\/section>\n\t\t\t\t\t\t\t\t\t<\/div>\n\t\t\t<\/div>\n\t\t\t\t\t<\/div>","protected":false},"excerpt":{"rendered":"<p>Sav\u00e1ll\u00f3 h\u00edd Saliris Hotel Sav\u00e1ll\u00f3 h\u00edd Saliris Hotel Sav\u00e1ll\u00f3 h\u00edd Saliris Hotel Rekl\u00e1m alum\u00ednium pajzs Pol\u00edrozott rozsdamentes doboz T\u00fckr\u00f6s pol\u00edrozott g\u00e9ph\u00e1z gy\u00e1rt\u00e1s Mobil CrossFitnes Park Mobil CrossFitnes Park Mobil CrossFitnes Park Gyulai Erkel Hotel erk\u00e9ly korl\u00e1t gy\u00e1rt\u00e1s Gyulai Erkel Hotel erk\u00e9ly korl\u00e1t gy\u00e1rt\u00e1s Fit Tire Fitness Fit Tire Fitness Fit Tire Fitness Tolat\u00f3 radar fest\u0151sablon [&hellip;]<\/p>","protected":false},"author":1,"featured_media":0,"parent":0,"menu_order":0,"comment_status":"closed","ping_status":"closed","template":"elementor_header_footer","meta":[],"_links":{"self":[{"href":"https:\/\/pmsexport.hu\/en\/wp-json\/wp\/v2\/pages\/999"}],"collection":[{"href":"https:\/\/pmsexport.hu\/en\/wp-json\/wp\/v2\/pages"}],"about":[{"href":"https:\/\/pmsexport.hu\/en\/wp-json\/wp\/v2\/types\/page"}],"author":[{"embeddable":true,"href":"https:\/\/pmsexport.hu\/en\/wp-json\/wp\/v2\/users\/1"}],"replies":[{"embeddable":true,"href":"https:\/\/pmsexport.hu\/en\/wp-json\/wp\/v2\/comments?post=999"}],"version-history":[{"count":5,"href":"https:\/\/pmsexport.hu\/en\/wp-json\/wp\/v2\/pages\/999\/revisions"}],"predecessor-version":[{"id":1504,"href":"https:\/\/pmsexport.hu\/en\/wp-json\/wp\/v2\/pages\/999\/revisions\/1504"}],"wp:attachment":[{"href":"https:\/\/pmsexport.hu\/en\/wp-json\/wp\/v2\/media?parent=999"}],"curies":[{"name":"wp","href":"https:\/\/api.w.org\/{rel}","templated":true}]}}